{"id":101,"date":"2026-02-04T17:00:11","date_gmt":"2026-02-04T16:00:11","guid":{"rendered":"http:\/\/wp.lesourire.be\/?page_id=101"},"modified":"2026-02-26T10:47:52","modified_gmt":"2026-02-26T09:47:52","slug":"inscription","status":"publish","type":"page","link":"https:\/\/lesourire.be\/index.php\/inscription\/","title":{"rendered":"Inscription"},"content":{"rendered":"\n<p>Toute demande d&rsquo;accueil peut se faire \u00e0 partir de trois mois de grossesse r\u00e9volus.<\/p>\n\n\n\n<p>Votre demande peut nous \u00eatre adress\u00e9e par t\u00e9l\u00e9phone lors de nos permanences matinales au 069\/89.02.00 ou vous pouvez introduire une <a href=\"https:\/\/www.bekid.be\/registration-requests?registrationFormId=826aea1f-9cc4-4cc3-9652-cf68ac7abdc6&amp;tenantId=cdf88dbc-b7c4-4306-8f3f-6025327d1716\" data-type=\"page\" data-id=\"218\">demande d&rsquo;accueil en ligne<\/a>.<\/p>\n\n\n\n<figure class=\"wp-block-image size-large is-resized\"><img loading=\"lazy\" decoding=\"async\" width=\"683\" height=\"1024\" src=\"https:\/\/lesourire.be\/wp-content\/uploads\/2026\/02\/IMG_8042-683x1024.jpeg\" alt=\"\" class=\"wp-image-32\" style=\"aspect-ratio:0.6670113472475442;width:296px;height:auto\" srcset=\"https:\/\/lesourire.be\/wp-content\/uploads\/2026\/02\/IMG_8042-683x1024.jpeg 683w, https:\/\/lesourire.be\/wp-content\/uploads\/2026\/02\/IMG_8042-200x300.jpeg 200w, https:\/\/lesourire.be\/wp-content\/uploads\/2026\/02\/IMG_8042-768x1152.jpeg 768w, https:\/\/lesourire.be\/wp-content\/uploads\/2026\/02\/IMG_8042.jpeg 800w\" sizes=\"auto, (max-width: 683px) 100vw, 683px\" \/><\/figure>\n","protected":false},"excerpt":{"rendered":"<p>Toute demande d&rsquo;accueil peut se faire \u00e0 partir de trois mois de grossesse r\u00e9volus. Votre demande peut nous \u00eatre adress\u00e9e par t\u00e9l\u00e9phone lors de nos permanences matinales au 069\/89.02.00 ou vous pouvez introduire une demande d&rsquo;accueil en ligne.<span class=\"more-link theme-more-link\"><a href=\"https:\/\/lesourire.be\/index.php\/inscription\/\">En savoir plus<\/a><\/span><\/p>\n","protected":false},"author":1,"featured_media":0,"parent":0,"menu_order":0,"comment_status":"closed","ping_status":"closed","template":"","meta":{"footnotes":""},"class_list":["entry","author-adminsitesourire","post-101","page","type-page","status-publish"],"yoast_head":"<!-- This site is optimized with the Yoast SEO plugin v27.1.1 - https:\/\/yoast.com\/product\/yoast-seo-wordpress\/ -->\n<title>Inscription - LE SOURIRE<\/title>\n<meta name=\"robots\" content=\"index, follow, max-snippet:-1, max-image-preview:large, max-video-preview:-1\" \/>\n<link rel=\"canonical\" href=\"https:\/\/lesourire.be\/index.php\/inscription\/\" \/>\n<meta property=\"og:locale\" content=\"fr_FR\" \/>\n<meta property=\"og:type\" content=\"article\" \/>\n<meta property=\"og:title\" content=\"Inscription - LE SOURIRE\" \/>\n<meta property=\"og:description\" content=\"Toute demande d&rsquo;accueil peut se faire \u00e0 partir de trois mois de grossesse r\u00e9volus. Votre demande peut nous \u00eatre adress\u00e9e par t\u00e9l\u00e9phone lors de nos permanences matinales au 069\/89.02.00 ou vous pouvez introduire une demande d&rsquo;accueil en ligne.En savoir plus\" \/>\n<meta property=\"og:url\" content=\"https:\/\/lesourire.be\/index.php\/inscription\/\" \/>\n<meta property=\"og:site_name\" content=\"LE SOURIRE\" \/>\n<meta property=\"article:modified_time\" content=\"2026-02-26T09:47:52+00:00\" \/>\n<meta property=\"og:image\" content=\"https:\/\/lesourire.be\/wp-content\/uploads\/2026\/02\/IMG_8042.jpeg\" \/>\n\t<meta property=\"og:image:width\" content=\"800\" \/>\n\t<meta property=\"og:image:height\" content=\"1200\" \/>\n\t<meta property=\"og:image:type\" content=\"image\/jpeg\" \/>\n<meta name=\"twitter:card\" content=\"summary_large_image\" \/>\n<script type=\"application\/ld+json\" class=\"yoast-schema-graph\">{\"@context\":\"https:\/\/schema.org\",\"@graph\":[{\"@type\":\"WebPage\",\"@id\":\"https:\/\/lesourire.be\/index.php\/inscription\/\",\"url\":\"https:\/\/lesourire.be\/index.php\/inscription\/\",\"name\":\"Inscription - LE SOURIRE\",\"isPartOf\":{\"@id\":\"https:\/\/lesourire.be\/#website\"},\"primaryImageOfPage\":{\"@id\":\"https:\/\/lesourire.be\/index.php\/inscription\/#primaryimage\"},\"image\":{\"@id\":\"https:\/\/lesourire.be\/index.php\/inscription\/#primaryimage\"},\"thumbnailUrl\":\"https:\/\/lesourire.be\/wp-content\/uploads\/2026\/02\/IMG_8042-683x1024.jpeg\",\"datePublished\":\"2026-02-04T16:00:11+00:00\",\"dateModified\":\"2026-02-26T09:47:52+00:00\",\"breadcrumb\":{\"@id\":\"https:\/\/lesourire.be\/index.php\/inscription\/#breadcrumb\"},\"inLanguage\":\"fr-FR\",\"potentialAction\":[{\"@type\":\"ReadAction\",\"target\":[\"https:\/\/lesourire.be\/index.php\/inscription\/\"]}]},{\"@type\":\"ImageObject\",\"inLanguage\":\"fr-FR\",\"@id\":\"https:\/\/lesourire.be\/index.php\/inscription\/#primaryimage\",\"url\":\"https:\/\/lesourire.be\/wp-content\/uploads\/2026\/02\/IMG_8042.jpeg\",\"contentUrl\":\"https:\/\/lesourire.be\/wp-content\/uploads\/2026\/02\/IMG_8042.jpeg\",\"width\":800,\"height\":1200},{\"@type\":\"BreadcrumbList\",\"@id\":\"https:\/\/lesourire.be\/index.php\/inscription\/#breadcrumb\",\"itemListElement\":[{\"@type\":\"ListItem\",\"position\":1,\"name\":\"Accueil\",\"item\":\"https:\/\/lesourire.be\/\"},{\"@type\":\"ListItem\",\"position\":2,\"name\":\"Inscription\"}]},{\"@type\":\"WebSite\",\"@id\":\"https:\/\/lesourire.be\/#website\",\"url\":\"https:\/\/lesourire.be\/\",\"name\":\"LE SOURIRE\",\"description\":\"Service d&#039;Accueillants d&#039;Enfants\",\"publisher\":{\"@id\":\"https:\/\/lesourire.be\/#organization\"},\"potentialAction\":[{\"@type\":\"SearchAction\",\"target\":{\"@type\":\"EntryPoint\",\"urlTemplate\":\"https:\/\/lesourire.be\/?s={search_term_string}\"},\"query-input\":{\"@type\":\"PropertyValueSpecification\",\"valueRequired\":true,\"valueName\":\"search_term_string\"}}],\"inLanguage\":\"fr-FR\"},{\"@type\":\"Organization\",\"@id\":\"https:\/\/lesourire.be\/#organization\",\"name\":\"LE SOURIRE\",\"url\":\"https:\/\/lesourire.be\/\",\"logo\":{\"@type\":\"ImageObject\",\"inLanguage\":\"fr-FR\",\"@id\":\"https:\/\/lesourire.be\/#\/schema\/logo\/image\/\",\"url\":\"https:\/\/lesourire.be\/wp-content\/uploads\/2026\/02\/LOGO-Sourire-1-e1770043020484.png\",\"contentUrl\":\"https:\/\/lesourire.be\/wp-content\/uploads\/2026\/02\/LOGO-Sourire-1-e1770043020484.png\",\"width\":459,\"height\":291,\"caption\":\"LE SOURIRE\"},\"image\":{\"@id\":\"https:\/\/lesourire.be\/#\/schema\/logo\/image\/\"}}]}<\/script>\n<!-- \/ Yoast SEO plugin. -->","yoast_head_json":{"title":"Inscription - LE SOURIRE","robots":{"index":"index","follow":"follow","max-snippet":"max-snippet:-1","max-image-preview":"max-image-preview:large","max-video-preview":"max-video-preview:-1"},"canonical":"https:\/\/lesourire.be\/index.php\/inscription\/","og_locale":"fr_FR","og_type":"article","og_title":"Inscription - LE SOURIRE","og_description":"Toute demande d&rsquo;accueil peut se faire \u00e0 partir de trois mois de grossesse r\u00e9volus. Votre demande peut nous \u00eatre adress\u00e9e par t\u00e9l\u00e9phone lors de nos permanences matinales au 069\/89.02.00 ou vous pouvez introduire une demande d&rsquo;accueil en ligne.En savoir plus","og_url":"https:\/\/lesourire.be\/index.php\/inscription\/","og_site_name":"LE SOURIRE","article_modified_time":"2026-02-26T09:47:52+00:00","og_image":[{"width":800,"height":1200,"url":"https:\/\/lesourire.be\/wp-content\/uploads\/2026\/02\/IMG_8042.jpeg","type":"image\/jpeg"}],"twitter_card":"summary_large_image","schema":{"@context":"https:\/\/schema.org","@graph":[{"@type":"WebPage","@id":"https:\/\/lesourire.be\/index.php\/inscription\/","url":"https:\/\/lesourire.be\/index.php\/inscription\/","name":"Inscription - LE SOURIRE","isPartOf":{"@id":"https:\/\/lesourire.be\/#website"},"primaryImageOfPage":{"@id":"https:\/\/lesourire.be\/index.php\/inscription\/#primaryimage"},"image":{"@id":"https:\/\/lesourire.be\/index.php\/inscription\/#primaryimage"},"thumbnailUrl":"https:\/\/lesourire.be\/wp-content\/uploads\/2026\/02\/IMG_8042-683x1024.jpeg","datePublished":"2026-02-04T16:00:11+00:00","dateModified":"2026-02-26T09:47:52+00:00","breadcrumb":{"@id":"https:\/\/lesourire.be\/index.php\/inscription\/#breadcrumb"},"inLanguage":"fr-FR","potentialAction":[{"@type":"ReadAction","target":["https:\/\/lesourire.be\/index.php\/inscription\/"]}]},{"@type":"ImageObject","inLanguage":"fr-FR","@id":"https:\/\/lesourire.be\/index.php\/inscription\/#primaryimage","url":"https:\/\/lesourire.be\/wp-content\/uploads\/2026\/02\/IMG_8042.jpeg","contentUrl":"https:\/\/lesourire.be\/wp-content\/uploads\/2026\/02\/IMG_8042.jpeg","width":800,"height":1200},{"@type":"BreadcrumbList","@id":"https:\/\/lesourire.be\/index.php\/inscription\/#breadcrumb","itemListElement":[{"@type":"ListItem","position":1,"name":"Accueil","item":"https:\/\/lesourire.be\/"},{"@type":"ListItem","position":2,"name":"Inscription"}]},{"@type":"WebSite","@id":"https:\/\/lesourire.be\/#website","url":"https:\/\/lesourire.be\/","name":"LE SOURIRE","description":"Service d&#039;Accueillants d&#039;Enfants","publisher":{"@id":"https:\/\/lesourire.be\/#organization"},"potentialAction":[{"@type":"SearchAction","target":{"@type":"EntryPoint","urlTemplate":"https:\/\/lesourire.be\/?s={search_term_string}"},"query-input":{"@type":"PropertyValueSpecification","valueRequired":true,"valueName":"search_term_string"}}],"inLanguage":"fr-FR"},{"@type":"Organization","@id":"https:\/\/lesourire.be\/#organization","name":"LE SOURIRE","url":"https:\/\/lesourire.be\/","logo":{"@type":"ImageObject","inLanguage":"fr-FR","@id":"https:\/\/lesourire.be\/#\/schema\/logo\/image\/","url":"https:\/\/lesourire.be\/wp-content\/uploads\/2026\/02\/LOGO-Sourire-1-e1770043020484.png","contentUrl":"https:\/\/lesourire.be\/wp-content\/uploads\/2026\/02\/LOGO-Sourire-1-e1770043020484.png","width":459,"height":291,"caption":"LE SOURIRE"},"image":{"@id":"https:\/\/lesourire.be\/#\/schema\/logo\/image\/"}}]}},"_links":{"self":[{"href":"https:\/\/lesourire.be\/index.php\/wp-json\/wp\/v2\/pages\/101","targetHints":{"allow":["GET"]}}],"collection":[{"href":"https:\/\/lesourire.be\/index.php\/wp-json\/wp\/v2\/pages"}],"about":[{"href":"https:\/\/lesourire.be\/index.php\/wp-json\/wp\/v2\/types\/page"}],"author":[{"embeddable":true,"href":"https:\/\/lesourire.be\/index.php\/wp-json\/wp\/v2\/users\/1"}],"replies":[{"embeddable":true,"href":"https:\/\/lesourire.be\/index.php\/wp-json\/wp\/v2\/comments?post=101"}],"version-history":[{"count":6,"href":"https:\/\/lesourire.be\/index.php\/wp-json\/wp\/v2\/pages\/101\/revisions"}],"predecessor-version":[{"id":477,"href":"https:\/\/lesourire.be\/index.php\/wp-json\/wp\/v2\/pages\/101\/revisions\/477"}],"wp:attachment":[{"href":"https:\/\/lesourire.be\/index.php\/wp-json\/wp\/v2\/media?parent=101"}],"curies":[{"name":"wp","href":"https:\/\/api.w.org\/{rel}","templated":true}]}}