{"id":172,"date":"2026-02-11T15:27:00","date_gmt":"2026-02-11T14:27:00","guid":{"rendered":"https:\/\/wp.lesourire.be\/?page_id=172"},"modified":"2026-03-16T16:16:42","modified_gmt":"2026-03-16T15:16:42","slug":"les-tpms","status":"publish","type":"page","link":"https:\/\/lesourire.be\/index.php\/les-tpms\/","title":{"rendered":"Les TPMS"},"content":{"rendered":"\n<p>Les TPMS, ou \u00ab\u00a0travailleurs psycho-m\u00e9dico-sociaux\u00a0\u00bb ont pour mission de rencontrer les familles pour comprendre leurs besoins, de r\u00e9aliser les inscriptions et remplir les contrats d&rsquo;accueil, mais aussi de s&rsquo;assurer du suivi de chaque famille jusqu&rsquo;\u00e0 la sortie de l&rsquo;enfant. Le\/la TPMS se rend au minimum une fois par mois chez les accueillant(e)s dont il\/elle est responsable afin de le\/la soutenir dans son travail et d&rsquo;effectuer un contr\u00f4le de qualit\u00e9 et de respect des normes d\u00e9finies par l&rsquo;ONE.<\/p>\n\n\n\n<p>Voici, en quelques mots, les grands points de leur mission:<\/p>\n\n\n\n<ul class=\"wp-block-list\">\n<li>le recrutement des accueillant(e)s<\/li>\n\n\n\n<li>l&rsquo;encadrement des accueillant(e)s via des visites r\u00e9guli\u00e8res \u00e0 leur domicile<\/li>\n\n\n\n<li>l&rsquo;organisation des formations des accueillant(e)s<\/li>\n\n\n\n<li>le suivi des \u00e9volutions des enfants accueillis<\/li>\n\n\n\n<li>l&rsquo;information et l&rsquo;\u00e9coute des parents<\/li>\n\n\n\n<li>la gestion administrative et sociale du service<\/li>\n\n\n\n<li>la cr\u00e9ation et le maintien de liens avec les services ext\u00e9rieurs<\/li>\n<\/ul>\n\n\n\n<p>Notre \u00e9quipe:<\/p>\n\n\n\n<figure class=\"wp-block-gallery has-nested-images columns-default is-cropped wp-block-gallery-1 is-layout-flex wp-block-gallery-is-layout-flex\">\n<figure class=\"wp-block-image size-large\"><img loading=\"lazy\" decoding=\"async\" width=\"683\" height=\"1024\" data-id=\"378\" src=\"https:\/\/wp.lesourire.be\/wp-content\/uploads\/2026\/02\/Molly-DA-683x1024.png\" alt=\"\" class=\"wp-image-378\" srcset=\"https:\/\/lesourire.be\/wp-content\/uploads\/2026\/02\/Molly-DA-683x1024.png 683w, https:\/\/lesourire.be\/wp-content\/uploads\/2026\/02\/Molly-DA-200x300.png 200w, https:\/\/lesourire.be\/wp-content\/uploads\/2026\/02\/Molly-DA-768x1152.png 768w, https:\/\/lesourire.be\/wp-content\/uploads\/2026\/02\/Molly-DA-367x550.png 367w, https:\/\/lesourire.be\/wp-content\/uploads\/2026\/02\/Molly-DA-333x500.png 333w, https:\/\/lesourire.be\/wp-content\/uploads\/2026\/02\/Molly-DA.png 1024w\" sizes=\"auto, (max-width: 683px) 100vw, 683px\" \/><figcaption class=\"wp-element-caption\"><a href=\"mailto:molly.boutillier@lesourire.be\">molly.boutillier@lesourire.be<\/a><\/figcaption><\/figure>\n\n\n\n<figure class=\"wp-block-image size-large\"><img loading=\"lazy\" decoding=\"async\" width=\"683\" height=\"1024\" data-id=\"353\" src=\"https:\/\/wp.lesourire.be\/wp-content\/uploads\/2026\/02\/Catherine-DA-683x1024.png\" alt=\"\" class=\"wp-image-353\" srcset=\"https:\/\/lesourire.be\/wp-content\/uploads\/2026\/02\/Catherine-DA-683x1024.png 683w, https:\/\/lesourire.be\/wp-content\/uploads\/2026\/02\/Catherine-DA-200x300.png 200w, https:\/\/lesourire.be\/wp-content\/uploads\/2026\/02\/Catherine-DA-768x1152.png 768w, https:\/\/lesourire.be\/wp-content\/uploads\/2026\/02\/Catherine-DA-367x550.png 367w, https:\/\/lesourire.be\/wp-content\/uploads\/2026\/02\/Catherine-DA-333x500.png 333w, https:\/\/lesourire.be\/wp-content\/uploads\/2026\/02\/Catherine-DA.png 1024w\" sizes=\"auto, (max-width: 683px) 100vw, 683px\" \/><figcaption class=\"wp-element-caption\"><a href=\"mailto:catherine.cailleau@lesourire.be\">catherine.cailleau@lesourire.be<\/a><\/figcaption><\/figure>\n\n\n\n<figure class=\"wp-block-image size-large\"><img loading=\"lazy\" decoding=\"async\" width=\"683\" height=\"1024\" data-id=\"370\" src=\"https:\/\/wp.lesourire.be\/wp-content\/uploads\/2026\/02\/MArie-Christine-DA-683x1024.png\" alt=\"\" class=\"wp-image-370\" srcset=\"https:\/\/lesourire.be\/wp-content\/uploads\/2026\/02\/MArie-Christine-DA-683x1024.png 683w, https:\/\/lesourire.be\/wp-content\/uploads\/2026\/02\/MArie-Christine-DA-200x300.png 200w, https:\/\/lesourire.be\/wp-content\/uploads\/2026\/02\/MArie-Christine-DA-768x1152.png 768w, https:\/\/lesourire.be\/wp-content\/uploads\/2026\/02\/MArie-Christine-DA-367x550.png 367w, https:\/\/lesourire.be\/wp-content\/uploads\/2026\/02\/MArie-Christine-DA-333x500.png 333w, https:\/\/lesourire.be\/wp-content\/uploads\/2026\/02\/MArie-Christine-DA.png 1024w\" sizes=\"auto, (max-width: 683px) 100vw, 683px\" \/><figcaption class=\"wp-element-caption\"><a href=\"mailto:marie-christine.denauw@lesourire.be\">marie-christine.denauw@lesourire.be<\/a><\/figcaption><\/figure>\n\n\n\n<figure class=\"wp-block-image size-large\"><img loading=\"lazy\" decoding=\"async\" width=\"683\" height=\"1024\" data-id=\"376\" src=\"https:\/\/wp.lesourire.be\/wp-content\/uploads\/2026\/02\/Helene-DA-683x1024.png\" alt=\"\" class=\"wp-image-376\" srcset=\"https:\/\/lesourire.be\/wp-content\/uploads\/2026\/02\/Helene-DA-683x1024.png 683w, https:\/\/lesourire.be\/wp-content\/uploads\/2026\/02\/Helene-DA-200x300.png 200w, https:\/\/lesourire.be\/wp-content\/uploads\/2026\/02\/Helene-DA-768x1152.png 768w, https:\/\/lesourire.be\/wp-content\/uploads\/2026\/02\/Helene-DA-367x550.png 367w, https:\/\/lesourire.be\/wp-content\/uploads\/2026\/02\/Helene-DA-333x500.png 333w, https:\/\/lesourire.be\/wp-content\/uploads\/2026\/02\/Helene-DA.png 1024w\" sizes=\"auto, (max-width: 683px) 100vw, 683px\" \/><figcaption class=\"wp-element-caption\"><a href=\"mailto:helene.echevin@lesourire.be\">helene.echevin@lesourire.be<\/a><\/figcaption><\/figure>\n\n\n\n<figure class=\"wp-block-image size-large\"><img loading=\"lazy\" decoding=\"async\" width=\"683\" height=\"1024\" data-id=\"364\" src=\"https:\/\/wp.lesourire.be\/wp-content\/uploads\/2026\/02\/Camille-DA-683x1024.png\" alt=\"\" class=\"wp-image-364\" srcset=\"https:\/\/lesourire.be\/wp-content\/uploads\/2026\/02\/Camille-DA-683x1024.png 683w, https:\/\/lesourire.be\/wp-content\/uploads\/2026\/02\/Camille-DA-200x300.png 200w, https:\/\/lesourire.be\/wp-content\/uploads\/2026\/02\/Camille-DA-768x1152.png 768w, https:\/\/lesourire.be\/wp-content\/uploads\/2026\/02\/Camille-DA-367x550.png 367w, https:\/\/lesourire.be\/wp-content\/uploads\/2026\/02\/Camille-DA-333x500.png 333w, https:\/\/lesourire.be\/wp-content\/uploads\/2026\/02\/Camille-DA.png 1024w\" sizes=\"auto, (max-width: 683px) 100vw, 683px\" \/><figcaption class=\"wp-element-caption\"><a href=\"mailto:camille.gerard@lesourire.be\">camille.gerard@lesourire.be<\/a><\/figcaption><\/figure>\n\n\n\n<figure class=\"wp-block-image size-large\"><img loading=\"lazy\" decoding=\"async\" width=\"683\" height=\"1024\" data-id=\"359\" src=\"https:\/\/wp.lesourire.be\/wp-content\/uploads\/2026\/02\/Celia-DA-683x1024.png\" alt=\"\" class=\"wp-image-359\" srcset=\"https:\/\/lesourire.be\/wp-content\/uploads\/2026\/02\/Celia-DA-683x1024.png 683w, https:\/\/lesourire.be\/wp-content\/uploads\/2026\/02\/Celia-DA-200x300.png 200w, https:\/\/lesourire.be\/wp-content\/uploads\/2026\/02\/Celia-DA-768x1152.png 768w, https:\/\/lesourire.be\/wp-content\/uploads\/2026\/02\/Celia-DA-367x550.png 367w, https:\/\/lesourire.be\/wp-content\/uploads\/2026\/02\/Celia-DA-333x500.png 333w, https:\/\/lesourire.be\/wp-content\/uploads\/2026\/02\/Celia-DA.png 1024w\" sizes=\"auto, (max-width: 683px) 100vw, 683px\" \/><figcaption class=\"wp-element-caption\"><a href=\"mailto:celia.haubruge@lesourire.be\">celia.haubruge@lesourire.be<\/a><\/figcaption><\/figure>\n\n\n\n<figure class=\"wp-block-image size-large\"><img loading=\"lazy\" decoding=\"async\" width=\"683\" height=\"1024\" data-id=\"377\" src=\"https:\/\/wp.lesourire.be\/wp-content\/uploads\/2026\/02\/Pelagie-DA-683x1024.png\" alt=\"\" class=\"wp-image-377\" srcset=\"https:\/\/lesourire.be\/wp-content\/uploads\/2026\/02\/Pelagie-DA-683x1024.png 683w, https:\/\/lesourire.be\/wp-content\/uploads\/2026\/02\/Pelagie-DA-200x300.png 200w, https:\/\/lesourire.be\/wp-content\/uploads\/2026\/02\/Pelagie-DA-768x1152.png 768w, https:\/\/lesourire.be\/wp-content\/uploads\/2026\/02\/Pelagie-DA-367x550.png 367w, https:\/\/lesourire.be\/wp-content\/uploads\/2026\/02\/Pelagie-DA-333x500.png 333w, https:\/\/lesourire.be\/wp-content\/uploads\/2026\/02\/Pelagie-DA.png 1024w\" sizes=\"auto, (max-width: 683px) 100vw, 683px\" \/><figcaption class=\"wp-element-caption\"><a href=\"mailto:pelagie.leclercq@lesourire.be\">pelagie.leclercq@lesourire.be<\/a><\/figcaption><\/figure>\n\n\n\n<figure class=\"wp-block-image size-large\"><img loading=\"lazy\" decoding=\"async\" width=\"683\" height=\"1024\" data-id=\"355\" src=\"https:\/\/wp.lesourire.be\/wp-content\/uploads\/2026\/02\/Caroline-DA-683x1024.png\" alt=\"\" class=\"wp-image-355\" srcset=\"https:\/\/lesourire.be\/wp-content\/uploads\/2026\/02\/Caroline-DA-683x1024.png 683w, https:\/\/lesourire.be\/wp-content\/uploads\/2026\/02\/Caroline-DA-200x300.png 200w, https:\/\/lesourire.be\/wp-content\/uploads\/2026\/02\/Caroline-DA-768x1152.png 768w, https:\/\/lesourire.be\/wp-content\/uploads\/2026\/02\/Caroline-DA-367x550.png 367w, https:\/\/lesourire.be\/wp-content\/uploads\/2026\/02\/Caroline-DA-333x500.png 333w, https:\/\/lesourire.be\/wp-content\/uploads\/2026\/02\/Caroline-DA.png 1024w\" sizes=\"auto, (max-width: 683px) 100vw, 683px\" \/><figcaption class=\"wp-element-caption\"><a href=\"mailto:caroline.terwagne@lesourire.be\">caroline.terwagne@lesourire.be<\/a><\/figcaption><\/figure>\n\n\n\n<figure class=\"wp-block-image size-large\"><img loading=\"lazy\" decoding=\"async\" width=\"683\" height=\"1024\" data-id=\"369\" src=\"https:\/\/wp.lesourire.be\/wp-content\/uploads\/2026\/02\/Eva-DA-683x1024.png\" alt=\"\" class=\"wp-image-369\" srcset=\"https:\/\/lesourire.be\/wp-content\/uploads\/2026\/02\/Eva-DA-683x1024.png 683w, https:\/\/lesourire.be\/wp-content\/uploads\/2026\/02\/Eva-DA-200x300.png 200w, https:\/\/lesourire.be\/wp-content\/uploads\/2026\/02\/Eva-DA-768x1152.png 768w, https:\/\/lesourire.be\/wp-content\/uploads\/2026\/02\/Eva-DA-367x550.png 367w, https:\/\/lesourire.be\/wp-content\/uploads\/2026\/02\/Eva-DA-333x500.png 333w, https:\/\/lesourire.be\/wp-content\/uploads\/2026\/02\/Eva-DA.png 1024w\" sizes=\"auto, (max-width: 683px) 100vw, 683px\" \/><figcaption class=\"wp-element-caption\"><a href=\"mailto:eva.thiry@lesourire.be\">eva.thiry@lesourire.be<\/a><\/figcaption><\/figure>\n\n\n\n<figure class=\"wp-block-image size-large\"><img loading=\"lazy\" decoding=\"async\" width=\"683\" height=\"1024\" data-id=\"374\" src=\"https:\/\/wp.lesourire.be\/wp-content\/uploads\/2026\/02\/Nathalie-DA-683x1024.png\" alt=\"\" class=\"wp-image-374\" srcset=\"https:\/\/lesourire.be\/wp-content\/uploads\/2026\/02\/Nathalie-DA-683x1024.png 683w, https:\/\/lesourire.be\/wp-content\/uploads\/2026\/02\/Nathalie-DA-200x300.png 200w, https:\/\/lesourire.be\/wp-content\/uploads\/2026\/02\/Nathalie-DA-768x1152.png 768w, https:\/\/lesourire.be\/wp-content\/uploads\/2026\/02\/Nathalie-DA-367x550.png 367w, https:\/\/lesourire.be\/wp-content\/uploads\/2026\/02\/Nathalie-DA-333x500.png 333w, https:\/\/lesourire.be\/wp-content\/uploads\/2026\/02\/Nathalie-DA.png 1024w\" sizes=\"auto, (max-width: 683px) 100vw, 683px\" \/><figcaption class=\"wp-element-caption\"><a href=\"mailto:nathalie.procureur@lesourire.be\">nathalie.procureur@lesourire.be<\/a><\/figcaption><\/figure>\n\n\n\n<figure class=\"wp-block-image size-large\"><img loading=\"lazy\" decoding=\"async\" width=\"683\" height=\"1024\" data-id=\"375\" src=\"https:\/\/wp.lesourire.be\/wp-content\/uploads\/2026\/02\/Valeriane-DA-683x1024.png\" alt=\"\" class=\"wp-image-375\" srcset=\"https:\/\/lesourire.be\/wp-content\/uploads\/2026\/02\/Valeriane-DA-683x1024.png 683w, https:\/\/lesourire.be\/wp-content\/uploads\/2026\/02\/Valeriane-DA-200x300.png 200w, https:\/\/lesourire.be\/wp-content\/uploads\/2026\/02\/Valeriane-DA-768x1152.png 768w, https:\/\/lesourire.be\/wp-content\/uploads\/2026\/02\/Valeriane-DA-367x550.png 367w, https:\/\/lesourire.be\/wp-content\/uploads\/2026\/02\/Valeriane-DA-333x500.png 333w, https:\/\/lesourire.be\/wp-content\/uploads\/2026\/02\/Valeriane-DA.png 1024w\" sizes=\"auto, (max-width: 683px) 100vw, 683px\" \/><figcaption class=\"wp-element-caption\"><a href=\"mailto:valeriane.vindels@lesourire.be\">valeriane.vindels@lesourire.be<\/a><\/figcaption><\/figure>\n\n\n\n<figure class=\"wp-block-image size-large\"><img loading=\"lazy\" decoding=\"async\" width=\"683\" height=\"1024\" data-id=\"504\" src=\"https:\/\/lesourire.be\/wp-content\/uploads\/2026\/03\/Justine-DA-683x1024.png\" alt=\"\" class=\"wp-image-504\" srcset=\"https:\/\/lesourire.be\/wp-content\/uploads\/2026\/03\/Justine-DA-683x1024.png 683w, https:\/\/lesourire.be\/wp-content\/uploads\/2026\/03\/Justine-DA-200x300.png 200w, https:\/\/lesourire.be\/wp-content\/uploads\/2026\/03\/Justine-DA-768x1152.png 768w, https:\/\/lesourire.be\/wp-content\/uploads\/2026\/03\/Justine-DA-367x550.png 367w, https:\/\/lesourire.be\/wp-content\/uploads\/2026\/03\/Justine-DA-333x500.png 333w, https:\/\/lesourire.be\/wp-content\/uploads\/2026\/03\/Justine-DA.png 1024w\" sizes=\"auto, (max-width: 683px) 100vw, 683px\" \/><figcaption class=\"wp-element-caption\">justine.bodumont@lesourire.be<\/figcaption><\/figure>\n<\/figure>\n\n\n\n<p><\/p>\n","protected":false},"excerpt":{"rendered":"<p>Les TPMS, ou \u00ab\u00a0travailleurs psycho-m\u00e9dico-sociaux\u00a0\u00bb ont pour mission de rencontrer les familles pour comprendre leurs besoins, de r\u00e9aliser les inscriptions et remplir les contrats d&rsquo;accueil, mais aussi de s&rsquo;assurer du suivi de chaque famille jusqu&rsquo;\u00e0 la sortie de l&rsquo;enfant. Le\/la TPMS se rend au minimum une fois par mois chez les accueillant(e)s dont il\/elle est responsable afin de le\/la soutenir dans son travail et d&rsquo;effectuer un contr\u00f4le de qualit\u00e9 et de respect des normes d\u00e9finies par l&rsquo;ONE. Voici, en quelques mots, les<span class=\"more-link theme-more-link\"><a href=\"https:\/\/lesourire.be\/index.php\/les-tpms\/\">En savoir plus<\/a><\/span><\/p>\n","protected":false},"author":1,"featured_media":0,"parent":0,"menu_order":0,"comment_status":"closed","ping_status":"closed","template":"","meta":{"footnotes":""},"class_list":["entry","author-adminsitesourire","post-172","page","type-page","status-publish"],"yoast_head":"<!-- This site is optimized with the Yoast SEO plugin v27.1.1 - https:\/\/yoast.com\/product\/yoast-seo-wordpress\/ -->\n<title>Les TPMS - LE SOURIRE<\/title>\n<meta name=\"robots\" content=\"index, follow, max-snippet:-1, max-image-preview:large, max-video-preview:-1\" \/>\n<link rel=\"canonical\" href=\"https:\/\/lesourire.be\/index.php\/les-tpms\/\" \/>\n<meta property=\"og:locale\" content=\"fr_FR\" \/>\n<meta property=\"og:type\" content=\"article\" \/>\n<meta property=\"og:title\" content=\"Les TPMS - LE SOURIRE\" \/>\n<meta property=\"og:description\" content=\"Les TPMS, ou \u00ab\u00a0travailleurs psycho-m\u00e9dico-sociaux\u00a0\u00bb ont pour mission de rencontrer les familles pour comprendre leurs besoins, de r\u00e9aliser les inscriptions et remplir les contrats d&rsquo;accueil, mais aussi de s&rsquo;assurer du suivi de chaque famille jusqu&rsquo;\u00e0 la sortie de l&rsquo;enfant. Le\/la TPMS se rend au minimum une fois par mois chez les accueillant(e)s dont il\/elle est responsable afin de le\/la soutenir dans son travail et d&rsquo;effectuer un contr\u00f4le de qualit\u00e9 et de respect des normes d\u00e9finies par l&rsquo;ONE. Voici, en quelques mots, lesEn savoir plus\" \/>\n<meta property=\"og:url\" content=\"https:\/\/lesourire.be\/index.php\/les-tpms\/\" \/>\n<meta property=\"og:site_name\" content=\"LE SOURIRE\" \/>\n<meta property=\"article:modified_time\" content=\"2026-03-16T15:16:42+00:00\" \/>\n<meta property=\"og:image\" content=\"https:\/\/lesourire.be\/wp-content\/uploads\/2026\/02\/Molly-DA.png\" \/>\n\t<meta property=\"og:image:width\" content=\"1024\" \/>\n\t<meta property=\"og:image:height\" content=\"1536\" \/>\n\t<meta property=\"og:image:type\" content=\"image\/png\" \/>\n<meta name=\"twitter:card\" content=\"summary_large_image\" \/>\n<meta name=\"twitter:label1\" content=\"Dur\u00e9e de lecture estim\u00e9e\" \/>\n\t<meta name=\"twitter:data1\" content=\"4 minutes\" \/>\n<script type=\"application\/ld+json\" class=\"yoast-schema-graph\">{\"@context\":\"https:\/\/schema.org\",\"@graph\":[{\"@type\":\"WebPage\",\"@id\":\"https:\/\/lesourire.be\/index.php\/les-tpms\/\",\"url\":\"https:\/\/lesourire.be\/index.php\/les-tpms\/\",\"name\":\"Les TPMS - LE SOURIRE\",\"isPartOf\":{\"@id\":\"https:\/\/lesourire.be\/#website\"},\"primaryImageOfPage\":{\"@id\":\"https:\/\/lesourire.be\/index.php\/les-tpms\/#primaryimage\"},\"image\":{\"@id\":\"https:\/\/lesourire.be\/index.php\/les-tpms\/#primaryimage\"},\"thumbnailUrl\":\"https:\/\/wp.lesourire.be\/wp-content\/uploads\/2026\/02\/Molly-DA-683x1024.png\",\"datePublished\":\"2026-02-11T14:27:00+00:00\",\"dateModified\":\"2026-03-16T15:16:42+00:00\",\"breadcrumb\":{\"@id\":\"https:\/\/lesourire.be\/index.php\/les-tpms\/#breadcrumb\"},\"inLanguage\":\"fr-FR\",\"potentialAction\":[{\"@type\":\"ReadAction\",\"target\":[\"https:\/\/lesourire.be\/index.php\/les-tpms\/\"]}]},{\"@type\":\"ImageObject\",\"inLanguage\":\"fr-FR\",\"@id\":\"https:\/\/lesourire.be\/index.php\/les-tpms\/#primaryimage\",\"url\":\"https:\/\/wp.lesourire.be\/wp-content\/uploads\/2026\/02\/Molly-DA-683x1024.png\",\"contentUrl\":\"https:\/\/wp.lesourire.be\/wp-content\/uploads\/2026\/02\/Molly-DA-683x1024.png\"},{\"@type\":\"BreadcrumbList\",\"@id\":\"https:\/\/lesourire.be\/index.php\/les-tpms\/#breadcrumb\",\"itemListElement\":[{\"@type\":\"ListItem\",\"position\":1,\"name\":\"Accueil\",\"item\":\"https:\/\/lesourire.be\/\"},{\"@type\":\"ListItem\",\"position\":2,\"name\":\"Les TPMS\"}]},{\"@type\":\"WebSite\",\"@id\":\"https:\/\/lesourire.be\/#website\",\"url\":\"https:\/\/lesourire.be\/\",\"name\":\"LE SOURIRE\",\"description\":\"Service d&#039;Accueillants d&#039;Enfants\",\"publisher\":{\"@id\":\"https:\/\/lesourire.be\/#organization\"},\"potentialAction\":[{\"@type\":\"SearchAction\",\"target\":{\"@type\":\"EntryPoint\",\"urlTemplate\":\"https:\/\/lesourire.be\/?s={search_term_string}\"},\"query-input\":{\"@type\":\"PropertyValueSpecification\",\"valueRequired\":true,\"valueName\":\"search_term_string\"}}],\"inLanguage\":\"fr-FR\"},{\"@type\":\"Organization\",\"@id\":\"https:\/\/lesourire.be\/#organization\",\"name\":\"LE SOURIRE\",\"url\":\"https:\/\/lesourire.be\/\",\"logo\":{\"@type\":\"ImageObject\",\"inLanguage\":\"fr-FR\",\"@id\":\"https:\/\/lesourire.be\/#\/schema\/logo\/image\/\",\"url\":\"https:\/\/lesourire.be\/wp-content\/uploads\/2026\/02\/LOGO-Sourire-1-e1770043020484.png\",\"contentUrl\":\"https:\/\/lesourire.be\/wp-content\/uploads\/2026\/02\/LOGO-Sourire-1-e1770043020484.png\",\"width\":459,\"height\":291,\"caption\":\"LE SOURIRE\"},\"image\":{\"@id\":\"https:\/\/lesourire.be\/#\/schema\/logo\/image\/\"}}]}<\/script>\n<!-- \/ Yoast SEO plugin. -->","yoast_head_json":{"title":"Les TPMS - LE SOURIRE","robots":{"index":"index","follow":"follow","max-snippet":"max-snippet:-1","max-image-preview":"max-image-preview:large","max-video-preview":"max-video-preview:-1"},"canonical":"https:\/\/lesourire.be\/index.php\/les-tpms\/","og_locale":"fr_FR","og_type":"article","og_title":"Les TPMS - LE SOURIRE","og_description":"Les TPMS, ou \u00ab\u00a0travailleurs psycho-m\u00e9dico-sociaux\u00a0\u00bb ont pour mission de rencontrer les familles pour comprendre leurs besoins, de r\u00e9aliser les inscriptions et remplir les contrats d&rsquo;accueil, mais aussi de s&rsquo;assurer du suivi de chaque famille jusqu&rsquo;\u00e0 la sortie de l&rsquo;enfant. Le\/la TPMS se rend au minimum une fois par mois chez les accueillant(e)s dont il\/elle est responsable afin de le\/la soutenir dans son travail et d&rsquo;effectuer un contr\u00f4le de qualit\u00e9 et de respect des normes d\u00e9finies par l&rsquo;ONE. Voici, en quelques mots, lesEn savoir plus","og_url":"https:\/\/lesourire.be\/index.php\/les-tpms\/","og_site_name":"LE SOURIRE","article_modified_time":"2026-03-16T15:16:42+00:00","og_image":[{"width":1024,"height":1536,"url":"https:\/\/lesourire.be\/wp-content\/uploads\/2026\/02\/Molly-DA.png","type":"image\/png"}],"twitter_card":"summary_large_image","twitter_misc":{"Dur\u00e9e de lecture estim\u00e9e":"4 minutes"},"schema":{"@context":"https:\/\/schema.org","@graph":[{"@type":"WebPage","@id":"https:\/\/lesourire.be\/index.php\/les-tpms\/","url":"https:\/\/lesourire.be\/index.php\/les-tpms\/","name":"Les TPMS - LE SOURIRE","isPartOf":{"@id":"https:\/\/lesourire.be\/#website"},"primaryImageOfPage":{"@id":"https:\/\/lesourire.be\/index.php\/les-tpms\/#primaryimage"},"image":{"@id":"https:\/\/lesourire.be\/index.php\/les-tpms\/#primaryimage"},"thumbnailUrl":"https:\/\/wp.lesourire.be\/wp-content\/uploads\/2026\/02\/Molly-DA-683x1024.png","datePublished":"2026-02-11T14:27:00+00:00","dateModified":"2026-03-16T15:16:42+00:00","breadcrumb":{"@id":"https:\/\/lesourire.be\/index.php\/les-tpms\/#breadcrumb"},"inLanguage":"fr-FR","potentialAction":[{"@type":"ReadAction","target":["https:\/\/lesourire.be\/index.php\/les-tpms\/"]}]},{"@type":"ImageObject","inLanguage":"fr-FR","@id":"https:\/\/lesourire.be\/index.php\/les-tpms\/#primaryimage","url":"https:\/\/wp.lesourire.be\/wp-content\/uploads\/2026\/02\/Molly-DA-683x1024.png","contentUrl":"https:\/\/wp.lesourire.be\/wp-content\/uploads\/2026\/02\/Molly-DA-683x1024.png"},{"@type":"BreadcrumbList","@id":"https:\/\/lesourire.be\/index.php\/les-tpms\/#breadcrumb","itemListElement":[{"@type":"ListItem","position":1,"name":"Accueil","item":"https:\/\/lesourire.be\/"},{"@type":"ListItem","position":2,"name":"Les TPMS"}]},{"@type":"WebSite","@id":"https:\/\/lesourire.be\/#website","url":"https:\/\/lesourire.be\/","name":"LE SOURIRE","description":"Service d&#039;Accueillants d&#039;Enfants","publisher":{"@id":"https:\/\/lesourire.be\/#organization"},"potentialAction":[{"@type":"SearchAction","target":{"@type":"EntryPoint","urlTemplate":"https:\/\/lesourire.be\/?s={search_term_string}"},"query-input":{"@type":"PropertyValueSpecification","valueRequired":true,"valueName":"search_term_string"}}],"inLanguage":"fr-FR"},{"@type":"Organization","@id":"https:\/\/lesourire.be\/#organization","name":"LE SOURIRE","url":"https:\/\/lesourire.be\/","logo":{"@type":"ImageObject","inLanguage":"fr-FR","@id":"https:\/\/lesourire.be\/#\/schema\/logo\/image\/","url":"https:\/\/lesourire.be\/wp-content\/uploads\/2026\/02\/LOGO-Sourire-1-e1770043020484.png","contentUrl":"https:\/\/lesourire.be\/wp-content\/uploads\/2026\/02\/LOGO-Sourire-1-e1770043020484.png","width":459,"height":291,"caption":"LE SOURIRE"},"image":{"@id":"https:\/\/lesourire.be\/#\/schema\/logo\/image\/"}}]}},"_links":{"self":[{"href":"https:\/\/lesourire.be\/index.php\/wp-json\/wp\/v2\/pages\/172","targetHints":{"allow":["GET"]}}],"collection":[{"href":"https:\/\/lesourire.be\/index.php\/wp-json\/wp\/v2\/pages"}],"about":[{"href":"https:\/\/lesourire.be\/index.php\/wp-json\/wp\/v2\/types\/page"}],"author":[{"embeddable":true,"href":"https:\/\/lesourire.be\/index.php\/wp-json\/wp\/v2\/users\/1"}],"replies":[{"embeddable":true,"href":"https:\/\/lesourire.be\/index.php\/wp-json\/wp\/v2\/comments?post=172"}],"version-history":[{"count":17,"href":"https:\/\/lesourire.be\/index.php\/wp-json\/wp\/v2\/pages\/172\/revisions"}],"predecessor-version":[{"id":506,"href":"https:\/\/lesourire.be\/index.php\/wp-json\/wp\/v2\/pages\/172\/revisions\/506"}],"wp:attachment":[{"href":"https:\/\/lesourire.be\/index.php\/wp-json\/wp\/v2\/media?parent=172"}],"curies":[{"name":"wp","href":"https:\/\/api.w.org\/{rel}","templated":true}]}}