{"id":182,"date":"2026-02-12T08:51:36","date_gmt":"2026-02-12T07:51:36","guid":{"rendered":"https:\/\/wp.lesourire.be\/?page_id=182"},"modified":"2026-03-25T14:13:47","modified_gmt":"2026-03-25T13:13:47","slug":"fonction","status":"publish","type":"page","link":"https:\/\/lesourire.be\/index.php\/fonction\/","title":{"rendered":"Fonction"},"content":{"rendered":"\n<p>Nos accueillant(e)s sont des professionnel(le)s qualifi\u00e9(e)s de la petite enfance qui ont re\u00e7u l&rsquo;autorisation d&rsquo;exercer par l&rsquo;ONE. Leur milieu d&rsquo;accueil, c&rsquo;est-\u00e0-dire la partie de leur domicile consacr\u00e9e \u00e0 vos enfants, a \u00e9galement \u00e9t\u00e9 examin\u00e9 pour conformit\u00e9.<\/p>\n\n\n\n<p>Nos accueillant(e)s veillent au bien-\u00eatre de votre enfant en lui offrant un cadre s\u00e9curis\u00e9, un rep\u00e8re constant, un regard individualis\u00e9, et cherchent \u00e0 comprendre vos besoins de parents.<\/p>\n\n\n\n<p>Ils\/elles r\u00e9alisent de bons petits plats maison et se chargent d&rsquo;accompagner et soutenir votre enfant dans ses jeux et ses d\u00e9couvertes.<\/p>\n\n\n\n<p>Pour en savoir plus sur nos valeurs et notre vision, n&rsquo;h\u00e9sitez pas \u00e0 consulter notre Projet d&rsquo;Accueil!<\/p>\n\n\n\n<figure class=\"wp-block-image size-large is-resized is-style-default\"><img loading=\"lazy\" decoding=\"async\" width=\"683\" height=\"1024\" src=\"https:\/\/lesourire.be\/wp-content\/uploads\/2026\/02\/IMG_8044-683x1024.jpeg\" alt=\"\" class=\"wp-image-50\" style=\"aspect-ratio:0.6685632131167599;width:252px;height:auto\" srcset=\"https:\/\/lesourire.be\/wp-content\/uploads\/2026\/02\/IMG_8044-683x1024.jpeg 683w, https:\/\/lesourire.be\/wp-content\/uploads\/2026\/02\/IMG_8044-200x300.jpeg 200w, https:\/\/lesourire.be\/wp-content\/uploads\/2026\/02\/IMG_8044-768x1152.jpeg 768w, https:\/\/lesourire.be\/wp-content\/uploads\/2026\/02\/IMG_8044-1024x1536.jpeg 1024w, https:\/\/lesourire.be\/wp-content\/uploads\/2026\/02\/IMG_8044.jpeg 1200w\" sizes=\"auto, (max-width: 683px) 100vw, 683px\" \/><\/figure>\n","protected":false},"excerpt":{"rendered":"<p>Nos accueillant(e)s sont des professionnel(le)s qualifi\u00e9(e)s de la petite enfance qui ont re\u00e7u l&rsquo;autorisation d&rsquo;exercer par l&rsquo;ONE. Leur milieu d&rsquo;accueil, c&rsquo;est-\u00e0-dire la partie de leur domicile consacr\u00e9e \u00e0 vos enfants, a \u00e9galement \u00e9t\u00e9 examin\u00e9 pour conformit\u00e9. Nos accueillant(e)s veillent au bien-\u00eatre de votre enfant en lui offrant un cadre s\u00e9curis\u00e9, un rep\u00e8re constant, un regard individualis\u00e9, et cherchent \u00e0 comprendre vos besoins de parents. Ils\/elles r\u00e9alisent de bons petits plats maison et se chargent d&rsquo;accompagner et soutenir votre enfant dans ses jeux<span class=\"more-link theme-more-link\"><a href=\"https:\/\/lesourire.be\/index.php\/fonction\/\">En savoir plus<\/a><\/span><\/p>\n","protected":false},"author":1,"featured_media":0,"parent":0,"menu_order":0,"comment_status":"closed","ping_status":"closed","template":"","meta":{"footnotes":""},"class_list":["entry","author-adminsitesourire","post-182","page","type-page","status-publish"],"yoast_head":"<!-- This site is optimized with the Yoast SEO plugin v27.1.1 - https:\/\/yoast.com\/product\/yoast-seo-wordpress\/ -->\n<title>Fonction - LE SOURIRE<\/title>\n<meta name=\"robots\" content=\"index, follow, max-snippet:-1, max-image-preview:large, max-video-preview:-1\" \/>\n<link rel=\"canonical\" href=\"https:\/\/lesourire.be\/index.php\/fonction\/\" \/>\n<meta property=\"og:locale\" content=\"fr_FR\" \/>\n<meta property=\"og:type\" content=\"article\" \/>\n<meta property=\"og:title\" content=\"Fonction - LE SOURIRE\" \/>\n<meta property=\"og:description\" content=\"Nos accueillant(e)s sont des professionnel(le)s qualifi\u00e9(e)s de la petite enfance qui ont re\u00e7u l&rsquo;autorisation d&rsquo;exercer par l&rsquo;ONE. Leur milieu d&rsquo;accueil, c&rsquo;est-\u00e0-dire la partie de leur domicile consacr\u00e9e \u00e0 vos enfants, a \u00e9galement \u00e9t\u00e9 examin\u00e9 pour conformit\u00e9. Nos accueillant(e)s veillent au bien-\u00eatre de votre enfant en lui offrant un cadre s\u00e9curis\u00e9, un rep\u00e8re constant, un regard individualis\u00e9, et cherchent \u00e0 comprendre vos besoins de parents. Ils\/elles r\u00e9alisent de bons petits plats maison et se chargent d&rsquo;accompagner et soutenir votre enfant dans ses jeuxEn savoir plus\" \/>\n<meta property=\"og:url\" content=\"https:\/\/lesourire.be\/index.php\/fonction\/\" \/>\n<meta property=\"og:site_name\" content=\"LE SOURIRE\" \/>\n<meta property=\"article:modified_time\" content=\"2026-03-25T13:13:47+00:00\" \/>\n<meta property=\"og:image\" content=\"https:\/\/lesourire.be\/wp-content\/uploads\/2026\/02\/IMG_8044.jpeg\" \/>\n\t<meta property=\"og:image:width\" content=\"1200\" \/>\n\t<meta property=\"og:image:height\" content=\"1800\" \/>\n\t<meta property=\"og:image:type\" content=\"image\/jpeg\" \/>\n<meta name=\"twitter:card\" content=\"summary_large_image\" \/>\n<meta name=\"twitter:label1\" content=\"Dur\u00e9e de lecture estim\u00e9e\" \/>\n\t<meta name=\"twitter:data1\" content=\"1 minute\" \/>\n<script type=\"application\/ld+json\" class=\"yoast-schema-graph\">{\"@context\":\"https:\/\/schema.org\",\"@graph\":[{\"@type\":\"WebPage\",\"@id\":\"https:\/\/lesourire.be\/index.php\/fonction\/\",\"url\":\"https:\/\/lesourire.be\/index.php\/fonction\/\",\"name\":\"Fonction - LE SOURIRE\",\"isPartOf\":{\"@id\":\"https:\/\/lesourire.be\/#website\"},\"primaryImageOfPage\":{\"@id\":\"https:\/\/lesourire.be\/index.php\/fonction\/#primaryimage\"},\"image\":{\"@id\":\"https:\/\/lesourire.be\/index.php\/fonction\/#primaryimage\"},\"thumbnailUrl\":\"https:\/\/lesourire.be\/wp-content\/uploads\/2026\/02\/IMG_8044-683x1024.jpeg\",\"datePublished\":\"2026-02-12T07:51:36+00:00\",\"dateModified\":\"2026-03-25T13:13:47+00:00\",\"breadcrumb\":{\"@id\":\"https:\/\/lesourire.be\/index.php\/fonction\/#breadcrumb\"},\"inLanguage\":\"fr-FR\",\"potentialAction\":[{\"@type\":\"ReadAction\",\"target\":[\"https:\/\/lesourire.be\/index.php\/fonction\/\"]}]},{\"@type\":\"ImageObject\",\"inLanguage\":\"fr-FR\",\"@id\":\"https:\/\/lesourire.be\/index.php\/fonction\/#primaryimage\",\"url\":\"https:\/\/lesourire.be\/wp-content\/uploads\/2026\/02\/IMG_8044.jpeg\",\"contentUrl\":\"https:\/\/lesourire.be\/wp-content\/uploads\/2026\/02\/IMG_8044.jpeg\",\"width\":1200,\"height\":1800},{\"@type\":\"BreadcrumbList\",\"@id\":\"https:\/\/lesourire.be\/index.php\/fonction\/#breadcrumb\",\"itemListElement\":[{\"@type\":\"ListItem\",\"position\":1,\"name\":\"Accueil\",\"item\":\"https:\/\/lesourire.be\/\"},{\"@type\":\"ListItem\",\"position\":2,\"name\":\"Fonction\"}]},{\"@type\":\"WebSite\",\"@id\":\"https:\/\/lesourire.be\/#website\",\"url\":\"https:\/\/lesourire.be\/\",\"name\":\"LE SOURIRE\",\"description\":\"Service d&#039;Accueillants d&#039;Enfants\",\"publisher\":{\"@id\":\"https:\/\/lesourire.be\/#organization\"},\"potentialAction\":[{\"@type\":\"SearchAction\",\"target\":{\"@type\":\"EntryPoint\",\"urlTemplate\":\"https:\/\/lesourire.be\/?s={search_term_string}\"},\"query-input\":{\"@type\":\"PropertyValueSpecification\",\"valueRequired\":true,\"valueName\":\"search_term_string\"}}],\"inLanguage\":\"fr-FR\"},{\"@type\":\"Organization\",\"@id\":\"https:\/\/lesourire.be\/#organization\",\"name\":\"LE SOURIRE\",\"url\":\"https:\/\/lesourire.be\/\",\"logo\":{\"@type\":\"ImageObject\",\"inLanguage\":\"fr-FR\",\"@id\":\"https:\/\/lesourire.be\/#\/schema\/logo\/image\/\",\"url\":\"https:\/\/lesourire.be\/wp-content\/uploads\/2026\/02\/LOGO-Sourire-1-e1770043020484.png\",\"contentUrl\":\"https:\/\/lesourire.be\/wp-content\/uploads\/2026\/02\/LOGO-Sourire-1-e1770043020484.png\",\"width\":459,\"height\":291,\"caption\":\"LE SOURIRE\"},\"image\":{\"@id\":\"https:\/\/lesourire.be\/#\/schema\/logo\/image\/\"}}]}<\/script>\n<!-- \/ Yoast SEO plugin. -->","yoast_head_json":{"title":"Fonction - LE SOURIRE","robots":{"index":"index","follow":"follow","max-snippet":"max-snippet:-1","max-image-preview":"max-image-preview:large","max-video-preview":"max-video-preview:-1"},"canonical":"https:\/\/lesourire.be\/index.php\/fonction\/","og_locale":"fr_FR","og_type":"article","og_title":"Fonction - LE SOURIRE","og_description":"Nos accueillant(e)s sont des professionnel(le)s qualifi\u00e9(e)s de la petite enfance qui ont re\u00e7u l&rsquo;autorisation d&rsquo;exercer par l&rsquo;ONE. Leur milieu d&rsquo;accueil, c&rsquo;est-\u00e0-dire la partie de leur domicile consacr\u00e9e \u00e0 vos enfants, a \u00e9galement \u00e9t\u00e9 examin\u00e9 pour conformit\u00e9. Nos accueillant(e)s veillent au bien-\u00eatre de votre enfant en lui offrant un cadre s\u00e9curis\u00e9, un rep\u00e8re constant, un regard individualis\u00e9, et cherchent \u00e0 comprendre vos besoins de parents. Ils\/elles r\u00e9alisent de bons petits plats maison et se chargent d&rsquo;accompagner et soutenir votre enfant dans ses jeuxEn savoir plus","og_url":"https:\/\/lesourire.be\/index.php\/fonction\/","og_site_name":"LE SOURIRE","article_modified_time":"2026-03-25T13:13:47+00:00","og_image":[{"width":1200,"height":1800,"url":"https:\/\/lesourire.be\/wp-content\/uploads\/2026\/02\/IMG_8044.jpeg","type":"image\/jpeg"}],"twitter_card":"summary_large_image","twitter_misc":{"Dur\u00e9e de lecture estim\u00e9e":"1 minute"},"schema":{"@context":"https:\/\/schema.org","@graph":[{"@type":"WebPage","@id":"https:\/\/lesourire.be\/index.php\/fonction\/","url":"https:\/\/lesourire.be\/index.php\/fonction\/","name":"Fonction - LE SOURIRE","isPartOf":{"@id":"https:\/\/lesourire.be\/#website"},"primaryImageOfPage":{"@id":"https:\/\/lesourire.be\/index.php\/fonction\/#primaryimage"},"image":{"@id":"https:\/\/lesourire.be\/index.php\/fonction\/#primaryimage"},"thumbnailUrl":"https:\/\/lesourire.be\/wp-content\/uploads\/2026\/02\/IMG_8044-683x1024.jpeg","datePublished":"2026-02-12T07:51:36+00:00","dateModified":"2026-03-25T13:13:47+00:00","breadcrumb":{"@id":"https:\/\/lesourire.be\/index.php\/fonction\/#breadcrumb"},"inLanguage":"fr-FR","potentialAction":[{"@type":"ReadAction","target":["https:\/\/lesourire.be\/index.php\/fonction\/"]}]},{"@type":"ImageObject","inLanguage":"fr-FR","@id":"https:\/\/lesourire.be\/index.php\/fonction\/#primaryimage","url":"https:\/\/lesourire.be\/wp-content\/uploads\/2026\/02\/IMG_8044.jpeg","contentUrl":"https:\/\/lesourire.be\/wp-content\/uploads\/2026\/02\/IMG_8044.jpeg","width":1200,"height":1800},{"@type":"BreadcrumbList","@id":"https:\/\/lesourire.be\/index.php\/fonction\/#breadcrumb","itemListElement":[{"@type":"ListItem","position":1,"name":"Accueil","item":"https:\/\/lesourire.be\/"},{"@type":"ListItem","position":2,"name":"Fonction"}]},{"@type":"WebSite","@id":"https:\/\/lesourire.be\/#website","url":"https:\/\/lesourire.be\/","name":"LE SOURIRE","description":"Service d&#039;Accueillants d&#039;Enfants","publisher":{"@id":"https:\/\/lesourire.be\/#organization"},"potentialAction":[{"@type":"SearchAction","target":{"@type":"EntryPoint","urlTemplate":"https:\/\/lesourire.be\/?s={search_term_string}"},"query-input":{"@type":"PropertyValueSpecification","valueRequired":true,"valueName":"search_term_string"}}],"inLanguage":"fr-FR"},{"@type":"Organization","@id":"https:\/\/lesourire.be\/#organization","name":"LE SOURIRE","url":"https:\/\/lesourire.be\/","logo":{"@type":"ImageObject","inLanguage":"fr-FR","@id":"https:\/\/lesourire.be\/#\/schema\/logo\/image\/","url":"https:\/\/lesourire.be\/wp-content\/uploads\/2026\/02\/LOGO-Sourire-1-e1770043020484.png","contentUrl":"https:\/\/lesourire.be\/wp-content\/uploads\/2026\/02\/LOGO-Sourire-1-e1770043020484.png","width":459,"height":291,"caption":"LE SOURIRE"},"image":{"@id":"https:\/\/lesourire.be\/#\/schema\/logo\/image\/"}}]}},"_links":{"self":[{"href":"https:\/\/lesourire.be\/index.php\/wp-json\/wp\/v2\/pages\/182","targetHints":{"allow":["GET"]}}],"collection":[{"href":"https:\/\/lesourire.be\/index.php\/wp-json\/wp\/v2\/pages"}],"about":[{"href":"https:\/\/lesourire.be\/index.php\/wp-json\/wp\/v2\/types\/page"}],"author":[{"embeddable":true,"href":"https:\/\/lesourire.be\/index.php\/wp-json\/wp\/v2\/users\/1"}],"replies":[{"embeddable":true,"href":"https:\/\/lesourire.be\/index.php\/wp-json\/wp\/v2\/comments?post=182"}],"version-history":[{"count":11,"href":"https:\/\/lesourire.be\/index.php\/wp-json\/wp\/v2\/pages\/182\/revisions"}],"predecessor-version":[{"id":515,"href":"https:\/\/lesourire.be\/index.php\/wp-json\/wp\/v2\/pages\/182\/revisions\/515"}],"wp:attachment":[{"href":"https:\/\/lesourire.be\/index.php\/wp-json\/wp\/v2\/media?parent=182"}],"curies":[{"name":"wp","href":"https:\/\/api.w.org\/{rel}","templated":true}]}}