{"id":194,"date":"2026-02-12T08:55:30","date_gmt":"2026-02-12T07:55:30","guid":{"rendered":"https:\/\/wp.lesourire.be\/?page_id=194"},"modified":"2026-02-25T22:28:06","modified_gmt":"2026-02-25T21:28:06","slug":"formations-2","status":"publish","type":"page","link":"https:\/\/lesourire.be\/index.php\/formations-2\/","title":{"rendered":"Formations"},"content":{"rendered":"\n<p>Outre la formation initiale qui doit \u00eatre reconnue et valid\u00e9e par l&rsquo;ONE, nos accueillant(e)s suivent des formations continues destin\u00e9es \u00e0 d\u00e9velopper leurs comp\u00e9tences et \u00e0 motiver une r\u00e9flexion approfondie sur leurs pratiques.<\/p>\n\n\n\n<p>Des formations ayant trait aux premiers soins en milieu d\u2019accueil, aux bonnes pratiques d\u2019hygi\u00e8ne et de sant\u00e9 ou encore \u00e0 l\u2019\u00e9laboration de repas di\u00e9t\u00e9tiques sont organis\u00e9es de mani\u00e8re \u00e0 \u00eatre r\u00e9vis\u00e9es r\u00e9guli\u00e8rement. D\u2019autres formations plus ponctuelles remplissent d\u2019autres objectifs\u00a0: l\u2019observation, la communication, l\u2019am\u00e9nagement du milieu d\u2019accueil, les activit\u00e9s et la stimulation des tout-petits, etc. <\/p>\n\n\n\n<p>Enfin, des groupes d\u2019\u00e9changes entre accueillant(e)s sont r\u00e9guli\u00e8rement mis en place afin de favoriser le soutien, l\u2019\u00e9mulation et l\u2019enrichissement mutuel au sein de notre service.<\/p>\n\n\n\n<figure class=\"wp-block-image size-large is-resized\"><img loading=\"lazy\" decoding=\"async\" width=\"768\" height=\"1024\" src=\"https:\/\/lesourire.be\/wp-content\/uploads\/2026\/02\/IMG_8046-768x1024.jpeg\" alt=\"\" class=\"wp-image-52\" style=\"aspect-ratio:0.7500171833115679;width:294px;height:auto\" srcset=\"https:\/\/lesourire.be\/wp-content\/uploads\/2026\/02\/IMG_8046-768x1024.jpeg 768w, https:\/\/lesourire.be\/wp-content\/uploads\/2026\/02\/IMG_8046-225x300.jpeg 225w, https:\/\/lesourire.be\/wp-content\/uploads\/2026\/02\/IMG_8046-1152x1536.jpeg 1152w, https:\/\/lesourire.be\/wp-content\/uploads\/2026\/02\/IMG_8046.jpeg 1200w\" sizes=\"auto, (max-width: 768px) 100vw, 768px\" \/><\/figure>\n","protected":false},"excerpt":{"rendered":"<p>Outre la formation initiale qui doit \u00eatre reconnue et valid\u00e9e par l&rsquo;ONE, nos accueillant(e)s suivent des formations continues destin\u00e9es \u00e0 d\u00e9velopper leurs comp\u00e9tences et \u00e0 motiver une r\u00e9flexion approfondie sur leurs pratiques. Des formations ayant trait aux premiers soins en milieu d\u2019accueil, aux bonnes pratiques d\u2019hygi\u00e8ne et de sant\u00e9 ou encore \u00e0 l\u2019\u00e9laboration de repas di\u00e9t\u00e9tiques sont organis\u00e9es de mani\u00e8re \u00e0 \u00eatre r\u00e9vis\u00e9es r\u00e9guli\u00e8rement. D\u2019autres formations plus ponctuelles remplissent d\u2019autres objectifs\u00a0: l\u2019observation, la communication, l\u2019am\u00e9nagement du milieu d\u2019accueil, les activit\u00e9s et la<span class=\"more-link theme-more-link\"><a href=\"https:\/\/lesourire.be\/index.php\/formations-2\/\">En savoir plus<\/a><\/span><\/p>\n","protected":false},"author":1,"featured_media":0,"parent":0,"menu_order":0,"comment_status":"closed","ping_status":"closed","template":"","meta":{"footnotes":""},"class_list":["entry","author-adminsitesourire","post-194","page","type-page","status-publish"],"yoast_head":"<!-- This site is optimized with the Yoast SEO plugin v27.1.1 - https:\/\/yoast.com\/product\/yoast-seo-wordpress\/ -->\n<title>Formations - LE SOURIRE<\/title>\n<meta name=\"robots\" content=\"index, follow, max-snippet:-1, max-image-preview:large, max-video-preview:-1\" \/>\n<link rel=\"canonical\" href=\"https:\/\/lesourire.be\/index.php\/formations-2\/\" \/>\n<meta property=\"og:locale\" content=\"fr_FR\" \/>\n<meta property=\"og:type\" content=\"article\" \/>\n<meta property=\"og:title\" content=\"Formations - LE SOURIRE\" \/>\n<meta property=\"og:description\" content=\"Outre la formation initiale qui doit \u00eatre reconnue et valid\u00e9e par l&rsquo;ONE, nos accueillant(e)s suivent des formations continues destin\u00e9es \u00e0 d\u00e9velopper leurs comp\u00e9tences et \u00e0 motiver une r\u00e9flexion approfondie sur leurs pratiques. Des formations ayant trait aux premiers soins en milieu d\u2019accueil, aux bonnes pratiques d\u2019hygi\u00e8ne et de sant\u00e9 ou encore \u00e0 l\u2019\u00e9laboration de repas di\u00e9t\u00e9tiques sont organis\u00e9es de mani\u00e8re \u00e0 \u00eatre r\u00e9vis\u00e9es r\u00e9guli\u00e8rement. D\u2019autres formations plus ponctuelles remplissent d\u2019autres objectifs\u00a0: l\u2019observation, la communication, l\u2019am\u00e9nagement du milieu d\u2019accueil, les activit\u00e9s et laEn savoir plus\" \/>\n<meta property=\"og:url\" content=\"https:\/\/lesourire.be\/index.php\/formations-2\/\" \/>\n<meta property=\"og:site_name\" content=\"LE SOURIRE\" \/>\n<meta property=\"article:modified_time\" content=\"2026-02-25T21:28:06+00:00\" \/>\n<meta property=\"og:image\" content=\"https:\/\/lesourire.be\/wp-content\/uploads\/2026\/02\/IMG_8046.jpeg\" \/>\n\t<meta property=\"og:image:width\" content=\"1200\" \/>\n\t<meta property=\"og:image:height\" content=\"1600\" \/>\n\t<meta property=\"og:image:type\" content=\"image\/jpeg\" \/>\n<meta name=\"twitter:card\" content=\"summary_large_image\" \/>\n<meta name=\"twitter:label1\" content=\"Dur\u00e9e de lecture estim\u00e9e\" \/>\n\t<meta name=\"twitter:data1\" content=\"1 minute\" \/>\n<script type=\"application\/ld+json\" class=\"yoast-schema-graph\">{\"@context\":\"https:\/\/schema.org\",\"@graph\":[{\"@type\":\"WebPage\",\"@id\":\"https:\/\/lesourire.be\/index.php\/formations-2\/\",\"url\":\"https:\/\/lesourire.be\/index.php\/formations-2\/\",\"name\":\"Formations - LE SOURIRE\",\"isPartOf\":{\"@id\":\"https:\/\/lesourire.be\/#website\"},\"primaryImageOfPage\":{\"@id\":\"https:\/\/lesourire.be\/index.php\/formations-2\/#primaryimage\"},\"image\":{\"@id\":\"https:\/\/lesourire.be\/index.php\/formations-2\/#primaryimage\"},\"thumbnailUrl\":\"https:\/\/lesourire.be\/wp-content\/uploads\/2026\/02\/IMG_8046-768x1024.jpeg\",\"datePublished\":\"2026-02-12T07:55:30+00:00\",\"dateModified\":\"2026-02-25T21:28:06+00:00\",\"breadcrumb\":{\"@id\":\"https:\/\/lesourire.be\/index.php\/formations-2\/#breadcrumb\"},\"inLanguage\":\"fr-FR\",\"potentialAction\":[{\"@type\":\"ReadAction\",\"target\":[\"https:\/\/lesourire.be\/index.php\/formations-2\/\"]}]},{\"@type\":\"ImageObject\",\"inLanguage\":\"fr-FR\",\"@id\":\"https:\/\/lesourire.be\/index.php\/formations-2\/#primaryimage\",\"url\":\"https:\/\/lesourire.be\/wp-content\/uploads\/2026\/02\/IMG_8046.jpeg\",\"contentUrl\":\"https:\/\/lesourire.be\/wp-content\/uploads\/2026\/02\/IMG_8046.jpeg\",\"width\":1200,\"height\":1600},{\"@type\":\"BreadcrumbList\",\"@id\":\"https:\/\/lesourire.be\/index.php\/formations-2\/#breadcrumb\",\"itemListElement\":[{\"@type\":\"ListItem\",\"position\":1,\"name\":\"Accueil\",\"item\":\"https:\/\/lesourire.be\/\"},{\"@type\":\"ListItem\",\"position\":2,\"name\":\"Formations\"}]},{\"@type\":\"WebSite\",\"@id\":\"https:\/\/lesourire.be\/#website\",\"url\":\"https:\/\/lesourire.be\/\",\"name\":\"LE SOURIRE\",\"description\":\"Service d&#039;Accueillants d&#039;Enfants\",\"publisher\":{\"@id\":\"https:\/\/lesourire.be\/#organization\"},\"potentialAction\":[{\"@type\":\"SearchAction\",\"target\":{\"@type\":\"EntryPoint\",\"urlTemplate\":\"https:\/\/lesourire.be\/?s={search_term_string}\"},\"query-input\":{\"@type\":\"PropertyValueSpecification\",\"valueRequired\":true,\"valueName\":\"search_term_string\"}}],\"inLanguage\":\"fr-FR\"},{\"@type\":\"Organization\",\"@id\":\"https:\/\/lesourire.be\/#organization\",\"name\":\"LE SOURIRE\",\"url\":\"https:\/\/lesourire.be\/\",\"logo\":{\"@type\":\"ImageObject\",\"inLanguage\":\"fr-FR\",\"@id\":\"https:\/\/lesourire.be\/#\/schema\/logo\/image\/\",\"url\":\"https:\/\/lesourire.be\/wp-content\/uploads\/2026\/02\/LOGO-Sourire-1-e1770043020484.png\",\"contentUrl\":\"https:\/\/lesourire.be\/wp-content\/uploads\/2026\/02\/LOGO-Sourire-1-e1770043020484.png\",\"width\":459,\"height\":291,\"caption\":\"LE SOURIRE\"},\"image\":{\"@id\":\"https:\/\/lesourire.be\/#\/schema\/logo\/image\/\"}}]}<\/script>\n<!-- \/ Yoast SEO plugin. -->","yoast_head_json":{"title":"Formations - LE SOURIRE","robots":{"index":"index","follow":"follow","max-snippet":"max-snippet:-1","max-image-preview":"max-image-preview:large","max-video-preview":"max-video-preview:-1"},"canonical":"https:\/\/lesourire.be\/index.php\/formations-2\/","og_locale":"fr_FR","og_type":"article","og_title":"Formations - LE SOURIRE","og_description":"Outre la formation initiale qui doit \u00eatre reconnue et valid\u00e9e par l&rsquo;ONE, nos accueillant(e)s suivent des formations continues destin\u00e9es \u00e0 d\u00e9velopper leurs comp\u00e9tences et \u00e0 motiver une r\u00e9flexion approfondie sur leurs pratiques. Des formations ayant trait aux premiers soins en milieu d\u2019accueil, aux bonnes pratiques d\u2019hygi\u00e8ne et de sant\u00e9 ou encore \u00e0 l\u2019\u00e9laboration de repas di\u00e9t\u00e9tiques sont organis\u00e9es de mani\u00e8re \u00e0 \u00eatre r\u00e9vis\u00e9es r\u00e9guli\u00e8rement. D\u2019autres formations plus ponctuelles remplissent d\u2019autres objectifs\u00a0: l\u2019observation, la communication, l\u2019am\u00e9nagement du milieu d\u2019accueil, les activit\u00e9s et laEn savoir plus","og_url":"https:\/\/lesourire.be\/index.php\/formations-2\/","og_site_name":"LE SOURIRE","article_modified_time":"2026-02-25T21:28:06+00:00","og_image":[{"width":1200,"height":1600,"url":"https:\/\/lesourire.be\/wp-content\/uploads\/2026\/02\/IMG_8046.jpeg","type":"image\/jpeg"}],"twitter_card":"summary_large_image","twitter_misc":{"Dur\u00e9e de lecture estim\u00e9e":"1 minute"},"schema":{"@context":"https:\/\/schema.org","@graph":[{"@type":"WebPage","@id":"https:\/\/lesourire.be\/index.php\/formations-2\/","url":"https:\/\/lesourire.be\/index.php\/formations-2\/","name":"Formations - LE SOURIRE","isPartOf":{"@id":"https:\/\/lesourire.be\/#website"},"primaryImageOfPage":{"@id":"https:\/\/lesourire.be\/index.php\/formations-2\/#primaryimage"},"image":{"@id":"https:\/\/lesourire.be\/index.php\/formations-2\/#primaryimage"},"thumbnailUrl":"https:\/\/lesourire.be\/wp-content\/uploads\/2026\/02\/IMG_8046-768x1024.jpeg","datePublished":"2026-02-12T07:55:30+00:00","dateModified":"2026-02-25T21:28:06+00:00","breadcrumb":{"@id":"https:\/\/lesourire.be\/index.php\/formations-2\/#breadcrumb"},"inLanguage":"fr-FR","potentialAction":[{"@type":"ReadAction","target":["https:\/\/lesourire.be\/index.php\/formations-2\/"]}]},{"@type":"ImageObject","inLanguage":"fr-FR","@id":"https:\/\/lesourire.be\/index.php\/formations-2\/#primaryimage","url":"https:\/\/lesourire.be\/wp-content\/uploads\/2026\/02\/IMG_8046.jpeg","contentUrl":"https:\/\/lesourire.be\/wp-content\/uploads\/2026\/02\/IMG_8046.jpeg","width":1200,"height":1600},{"@type":"BreadcrumbList","@id":"https:\/\/lesourire.be\/index.php\/formations-2\/#breadcrumb","itemListElement":[{"@type":"ListItem","position":1,"name":"Accueil","item":"https:\/\/lesourire.be\/"},{"@type":"ListItem","position":2,"name":"Formations"}]},{"@type":"WebSite","@id":"https:\/\/lesourire.be\/#website","url":"https:\/\/lesourire.be\/","name":"LE SOURIRE","description":"Service d&#039;Accueillants d&#039;Enfants","publisher":{"@id":"https:\/\/lesourire.be\/#organization"},"potentialAction":[{"@type":"SearchAction","target":{"@type":"EntryPoint","urlTemplate":"https:\/\/lesourire.be\/?s={search_term_string}"},"query-input":{"@type":"PropertyValueSpecification","valueRequired":true,"valueName":"search_term_string"}}],"inLanguage":"fr-FR"},{"@type":"Organization","@id":"https:\/\/lesourire.be\/#organization","name":"LE SOURIRE","url":"https:\/\/lesourire.be\/","logo":{"@type":"ImageObject","inLanguage":"fr-FR","@id":"https:\/\/lesourire.be\/#\/schema\/logo\/image\/","url":"https:\/\/lesourire.be\/wp-content\/uploads\/2026\/02\/LOGO-Sourire-1-e1770043020484.png","contentUrl":"https:\/\/lesourire.be\/wp-content\/uploads\/2026\/02\/LOGO-Sourire-1-e1770043020484.png","width":459,"height":291,"caption":"LE SOURIRE"},"image":{"@id":"https:\/\/lesourire.be\/#\/schema\/logo\/image\/"}}]}},"_links":{"self":[{"href":"https:\/\/lesourire.be\/index.php\/wp-json\/wp\/v2\/pages\/194","targetHints":{"allow":["GET"]}}],"collection":[{"href":"https:\/\/lesourire.be\/index.php\/wp-json\/wp\/v2\/pages"}],"about":[{"href":"https:\/\/lesourire.be\/index.php\/wp-json\/wp\/v2\/types\/page"}],"author":[{"embeddable":true,"href":"https:\/\/lesourire.be\/index.php\/wp-json\/wp\/v2\/users\/1"}],"replies":[{"embeddable":true,"href":"https:\/\/lesourire.be\/index.php\/wp-json\/wp\/v2\/comments?post=194"}],"version-history":[{"count":7,"href":"https:\/\/lesourire.be\/index.php\/wp-json\/wp\/v2\/pages\/194\/revisions"}],"predecessor-version":[{"id":460,"href":"https:\/\/lesourire.be\/index.php\/wp-json\/wp\/v2\/pages\/194\/revisions\/460"}],"wp:attachment":[{"href":"https:\/\/lesourire.be\/index.php\/wp-json\/wp\/v2\/media?parent=194"}],"curies":[{"name":"wp","href":"https:\/\/api.w.org\/{rel}","templated":true}]}}