{"id":206,"date":"2026-02-12T09:01:09","date_gmt":"2026-02-12T08:01:09","guid":{"rendered":"https:\/\/wp.lesourire.be\/?page_id=206"},"modified":"2026-02-26T15:24:58","modified_gmt":"2026-02-26T14:24:58","slug":"la-direction","status":"publish","type":"page","link":"https:\/\/lesourire.be\/index.php\/la-direction\/","title":{"rendered":"La Direction"},"content":{"rendered":"\n<p>La direction est responsable de la gestion administrative, organisationnelle et humaine de l&rsquo;asbl. Elle veille \u00e0 la mise en oeuvre du <a href=\"https:\/\/lesourire.be\/wp-content\/uploads\/2026\/02\/Projet-Accueil-2025.pdf\">Projet d&rsquo;Accueil<\/a> et est charg\u00e9e d&rsquo;orienter les pratiques dans le respect des exigences de l&rsquo;ONE. Elle joue un r\u00f4le d&rsquo;interface aupr\u00e8s de tous les travailleurs, des familles et des partenaires locaux.<\/p>\n\n\n\n<figure class=\"wp-block-image size-full is-resized\"><img loading=\"lazy\" decoding=\"async\" width=\"1024\" height=\"1024\" src=\"http:\/\/wp.lesourire.be\/wp-content\/uploads\/2026\/02\/Aline-DA.png\" alt=\"\" class=\"wp-image-349\" style=\"width:234px;height:auto\" srcset=\"https:\/\/lesourire.be\/wp-content\/uploads\/2026\/02\/Aline-DA.png 1024w, https:\/\/lesourire.be\/wp-content\/uploads\/2026\/02\/Aline-DA-300x300.png 300w, https:\/\/lesourire.be\/wp-content\/uploads\/2026\/02\/Aline-DA-150x150.png 150w, https:\/\/lesourire.be\/wp-content\/uploads\/2026\/02\/Aline-DA-768x768.png 768w, https:\/\/lesourire.be\/wp-content\/uploads\/2026\/02\/Aline-DA-465x465.png 465w, https:\/\/lesourire.be\/wp-content\/uploads\/2026\/02\/Aline-DA-500x500.png 500w\" sizes=\"auto, (max-width: 1024px) 100vw, 1024px\" \/><\/figure>\n\n\n\n<p class=\"has-text-align-center\"><a href=\"mailto:aline.gueibe@lesourire.be\">aline.gueibe@lesourire.be<\/a><\/p>\n\n\n","protected":false},"excerpt":{"rendered":"<p>La direction est responsable de la gestion administrative, organisationnelle et humaine de l&rsquo;asbl. Elle veille \u00e0 la mise en oeuvre du Projet d&rsquo;Accueil et est charg\u00e9e d&rsquo;orienter les pratiques dans le respect des exigences de l&rsquo;ONE. Elle joue un r\u00f4le d&rsquo;interface aupr\u00e8s de tous les travailleurs, des familles et des partenaires locaux. aline.gueibe@lesourire.be<span class=\"more-link theme-more-link\"><a href=\"https:\/\/lesourire.be\/index.php\/la-direction\/\">En savoir plus<\/a><\/span><\/p>\n","protected":false},"author":1,"featured_media":0,"parent":0,"menu_order":0,"comment_status":"closed","ping_status":"closed","template":"","meta":{"footnotes":""},"class_list":["entry","author-adminsitesourire","post-206","page","type-page","status-publish"],"yoast_head":"<!-- This site is optimized with the Yoast SEO plugin v27.1.1 - https:\/\/yoast.com\/product\/yoast-seo-wordpress\/ -->\n<title>La Direction - LE SOURIRE<\/title>\n<meta name=\"robots\" content=\"index, follow, max-snippet:-1, max-image-preview:large, max-video-preview:-1\" \/>\n<link rel=\"canonical\" href=\"https:\/\/lesourire.be\/index.php\/la-direction\/\" \/>\n<meta property=\"og:locale\" content=\"fr_FR\" \/>\n<meta property=\"og:type\" content=\"article\" \/>\n<meta property=\"og:title\" content=\"La Direction - LE SOURIRE\" \/>\n<meta property=\"og:description\" content=\"La direction est responsable de la gestion administrative, organisationnelle et humaine de l&rsquo;asbl. Elle veille \u00e0 la mise en oeuvre du Projet d&rsquo;Accueil et est charg\u00e9e d&rsquo;orienter les pratiques dans le respect des exigences de l&rsquo;ONE. Elle joue un r\u00f4le d&rsquo;interface aupr\u00e8s de tous les travailleurs, des familles et des partenaires locaux. aline.gueibe@lesourire.beEn savoir plus\" \/>\n<meta property=\"og:url\" content=\"https:\/\/lesourire.be\/index.php\/la-direction\/\" \/>\n<meta property=\"og:site_name\" content=\"LE SOURIRE\" \/>\n<meta property=\"article:modified_time\" content=\"2026-02-26T14:24:58+00:00\" \/>\n<meta property=\"og:image\" content=\"https:\/\/lesourire.be\/wp-content\/uploads\/2026\/02\/Aline-DA.png\" \/>\n\t<meta property=\"og:image:width\" content=\"1024\" \/>\n\t<meta property=\"og:image:height\" content=\"1024\" \/>\n\t<meta property=\"og:image:type\" content=\"image\/png\" \/>\n<meta name=\"twitter:card\" content=\"summary_large_image\" \/>\n<script type=\"application\/ld+json\" class=\"yoast-schema-graph\">{\"@context\":\"https:\/\/schema.org\",\"@graph\":[{\"@type\":\"WebPage\",\"@id\":\"https:\/\/lesourire.be\/index.php\/la-direction\/\",\"url\":\"https:\/\/lesourire.be\/index.php\/la-direction\/\",\"name\":\"La Direction - LE SOURIRE\",\"isPartOf\":{\"@id\":\"https:\/\/lesourire.be\/#website\"},\"primaryImageOfPage\":{\"@id\":\"https:\/\/lesourire.be\/index.php\/la-direction\/#primaryimage\"},\"image\":{\"@id\":\"https:\/\/lesourire.be\/index.php\/la-direction\/#primaryimage\"},\"thumbnailUrl\":\"http:\/\/wp.lesourire.be\/wp-content\/uploads\/2026\/02\/Aline-DA.png\",\"datePublished\":\"2026-02-12T08:01:09+00:00\",\"dateModified\":\"2026-02-26T14:24:58+00:00\",\"breadcrumb\":{\"@id\":\"https:\/\/lesourire.be\/index.php\/la-direction\/#breadcrumb\"},\"inLanguage\":\"fr-FR\",\"potentialAction\":[{\"@type\":\"ReadAction\",\"target\":[\"https:\/\/lesourire.be\/index.php\/la-direction\/\"]}]},{\"@type\":\"ImageObject\",\"inLanguage\":\"fr-FR\",\"@id\":\"https:\/\/lesourire.be\/index.php\/la-direction\/#primaryimage\",\"url\":\"http:\/\/wp.lesourire.be\/wp-content\/uploads\/2026\/02\/Aline-DA.png\",\"contentUrl\":\"http:\/\/wp.lesourire.be\/wp-content\/uploads\/2026\/02\/Aline-DA.png\"},{\"@type\":\"BreadcrumbList\",\"@id\":\"https:\/\/lesourire.be\/index.php\/la-direction\/#breadcrumb\",\"itemListElement\":[{\"@type\":\"ListItem\",\"position\":1,\"name\":\"Accueil\",\"item\":\"https:\/\/lesourire.be\/\"},{\"@type\":\"ListItem\",\"position\":2,\"name\":\"La Direction\"}]},{\"@type\":\"WebSite\",\"@id\":\"https:\/\/lesourire.be\/#website\",\"url\":\"https:\/\/lesourire.be\/\",\"name\":\"LE SOURIRE\",\"description\":\"Service d&#039;Accueillants d&#039;Enfants\",\"publisher\":{\"@id\":\"https:\/\/lesourire.be\/#organization\"},\"potentialAction\":[{\"@type\":\"SearchAction\",\"target\":{\"@type\":\"EntryPoint\",\"urlTemplate\":\"https:\/\/lesourire.be\/?s={search_term_string}\"},\"query-input\":{\"@type\":\"PropertyValueSpecification\",\"valueRequired\":true,\"valueName\":\"search_term_string\"}}],\"inLanguage\":\"fr-FR\"},{\"@type\":\"Organization\",\"@id\":\"https:\/\/lesourire.be\/#organization\",\"name\":\"LE SOURIRE\",\"url\":\"https:\/\/lesourire.be\/\",\"logo\":{\"@type\":\"ImageObject\",\"inLanguage\":\"fr-FR\",\"@id\":\"https:\/\/lesourire.be\/#\/schema\/logo\/image\/\",\"url\":\"https:\/\/lesourire.be\/wp-content\/uploads\/2026\/02\/LOGO-Sourire-1-e1770043020484.png\",\"contentUrl\":\"https:\/\/lesourire.be\/wp-content\/uploads\/2026\/02\/LOGO-Sourire-1-e1770043020484.png\",\"width\":459,\"height\":291,\"caption\":\"LE SOURIRE\"},\"image\":{\"@id\":\"https:\/\/lesourire.be\/#\/schema\/logo\/image\/\"}}]}<\/script>\n<!-- \/ Yoast SEO plugin. -->","yoast_head_json":{"title":"La Direction - LE SOURIRE","robots":{"index":"index","follow":"follow","max-snippet":"max-snippet:-1","max-image-preview":"max-image-preview:large","max-video-preview":"max-video-preview:-1"},"canonical":"https:\/\/lesourire.be\/index.php\/la-direction\/","og_locale":"fr_FR","og_type":"article","og_title":"La Direction - LE SOURIRE","og_description":"La direction est responsable de la gestion administrative, organisationnelle et humaine de l&rsquo;asbl. Elle veille \u00e0 la mise en oeuvre du Projet d&rsquo;Accueil et est charg\u00e9e d&rsquo;orienter les pratiques dans le respect des exigences de l&rsquo;ONE. Elle joue un r\u00f4le d&rsquo;interface aupr\u00e8s de tous les travailleurs, des familles et des partenaires locaux. aline.gueibe@lesourire.beEn savoir plus","og_url":"https:\/\/lesourire.be\/index.php\/la-direction\/","og_site_name":"LE SOURIRE","article_modified_time":"2026-02-26T14:24:58+00:00","og_image":[{"width":1024,"height":1024,"url":"https:\/\/lesourire.be\/wp-content\/uploads\/2026\/02\/Aline-DA.png","type":"image\/png"}],"twitter_card":"summary_large_image","schema":{"@context":"https:\/\/schema.org","@graph":[{"@type":"WebPage","@id":"https:\/\/lesourire.be\/index.php\/la-direction\/","url":"https:\/\/lesourire.be\/index.php\/la-direction\/","name":"La Direction - LE SOURIRE","isPartOf":{"@id":"https:\/\/lesourire.be\/#website"},"primaryImageOfPage":{"@id":"https:\/\/lesourire.be\/index.php\/la-direction\/#primaryimage"},"image":{"@id":"https:\/\/lesourire.be\/index.php\/la-direction\/#primaryimage"},"thumbnailUrl":"http:\/\/wp.lesourire.be\/wp-content\/uploads\/2026\/02\/Aline-DA.png","datePublished":"2026-02-12T08:01:09+00:00","dateModified":"2026-02-26T14:24:58+00:00","breadcrumb":{"@id":"https:\/\/lesourire.be\/index.php\/la-direction\/#breadcrumb"},"inLanguage":"fr-FR","potentialAction":[{"@type":"ReadAction","target":["https:\/\/lesourire.be\/index.php\/la-direction\/"]}]},{"@type":"ImageObject","inLanguage":"fr-FR","@id":"https:\/\/lesourire.be\/index.php\/la-direction\/#primaryimage","url":"http:\/\/wp.lesourire.be\/wp-content\/uploads\/2026\/02\/Aline-DA.png","contentUrl":"http:\/\/wp.lesourire.be\/wp-content\/uploads\/2026\/02\/Aline-DA.png"},{"@type":"BreadcrumbList","@id":"https:\/\/lesourire.be\/index.php\/la-direction\/#breadcrumb","itemListElement":[{"@type":"ListItem","position":1,"name":"Accueil","item":"https:\/\/lesourire.be\/"},{"@type":"ListItem","position":2,"name":"La Direction"}]},{"@type":"WebSite","@id":"https:\/\/lesourire.be\/#website","url":"https:\/\/lesourire.be\/","name":"LE SOURIRE","description":"Service d&#039;Accueillants d&#039;Enfants","publisher":{"@id":"https:\/\/lesourire.be\/#organization"},"potentialAction":[{"@type":"SearchAction","target":{"@type":"EntryPoint","urlTemplate":"https:\/\/lesourire.be\/?s={search_term_string}"},"query-input":{"@type":"PropertyValueSpecification","valueRequired":true,"valueName":"search_term_string"}}],"inLanguage":"fr-FR"},{"@type":"Organization","@id":"https:\/\/lesourire.be\/#organization","name":"LE SOURIRE","url":"https:\/\/lesourire.be\/","logo":{"@type":"ImageObject","inLanguage":"fr-FR","@id":"https:\/\/lesourire.be\/#\/schema\/logo\/image\/","url":"https:\/\/lesourire.be\/wp-content\/uploads\/2026\/02\/LOGO-Sourire-1-e1770043020484.png","contentUrl":"https:\/\/lesourire.be\/wp-content\/uploads\/2026\/02\/LOGO-Sourire-1-e1770043020484.png","width":459,"height":291,"caption":"LE SOURIRE"},"image":{"@id":"https:\/\/lesourire.be\/#\/schema\/logo\/image\/"}}]}},"_links":{"self":[{"href":"https:\/\/lesourire.be\/index.php\/wp-json\/wp\/v2\/pages\/206","targetHints":{"allow":["GET"]}}],"collection":[{"href":"https:\/\/lesourire.be\/index.php\/wp-json\/wp\/v2\/pages"}],"about":[{"href":"https:\/\/lesourire.be\/index.php\/wp-json\/wp\/v2\/types\/page"}],"author":[{"embeddable":true,"href":"https:\/\/lesourire.be\/index.php\/wp-json\/wp\/v2\/users\/1"}],"replies":[{"embeddable":true,"href":"https:\/\/lesourire.be\/index.php\/wp-json\/wp\/v2\/comments?post=206"}],"version-history":[{"count":8,"href":"https:\/\/lesourire.be\/index.php\/wp-json\/wp\/v2\/pages\/206\/revisions"}],"predecessor-version":[{"id":496,"href":"https:\/\/lesourire.be\/index.php\/wp-json\/wp\/v2\/pages\/206\/revisions\/496"}],"wp:attachment":[{"href":"https:\/\/lesourire.be\/index.php\/wp-json\/wp\/v2\/media?parent=206"}],"curies":[{"name":"wp","href":"https:\/\/api.w.org\/{rel}","templated":true}]}}