{"id":298,"date":"2026-02-16T15:04:12","date_gmt":"2026-02-16T14:04:12","guid":{"rendered":"https:\/\/wp.lesourire.be\/?page_id=298"},"modified":"2026-02-25T22:45:48","modified_gmt":"2026-02-25T21:45:48","slug":"liens-utiles","status":"publish","type":"page","link":"https:\/\/lesourire.be\/index.php\/liens-utiles\/","title":{"rendered":"Liens utiles"},"content":{"rendered":"\n<p>N&rsquo;h\u00e9sitez pas, en tant que jeunes parents, \u00e0 consulter le <a href=\"https:\/\/www.one.be\/public\/\">site de l&rsquo;ONE<\/a> qui regorge d&rsquo;informations utiles ainsi que <a href=\"https:\/\/my.one.be\/\">My.ONE<\/a> qui permet aux parents et futurs parents de trouver pr\u00e8s de chez eux des activit\u00e9s d\u00e9di\u00e9es \u00e0 l&rsquo;enfant et \u00e0 la parentalit\u00e9.<\/p>\n\n\n\n<p>Vous trouverez \u00e9galement de nombreux articles et informations sur les sites de <a href=\"https:\/\/www.yapaka.be\/\">YAPAKA<\/a> et de la <a href=\"https:\/\/liguedesfamilles.be\/\" target=\"_blank\" rel=\"noreferrer noopener\">Ligue des Familles.<\/a><\/p>\n\n\n\n<p>Le Sourire est membre de <a href=\"https:\/\/www.cosege.be\/\" target=\"_blank\" rel=\"noreferrer noopener\">la COSEGE<\/a>, coordination des Services d&rsquo;Accueillants d&rsquo;Enfants qui repr\u00e9sente les SAE de la F\u00e9d\u00e9ration Wallonie-Bruxelles et qui promeut et soutient les particularit\u00e9s de l&rsquo;accueil \u00e0 domicile.<\/p>\n\n\n\n<p>Le Sourire est \u00e9galement affili\u00e9 \u00e0 <a href=\"https:\/\/www.fileasbl.be\/membres\/\" target=\"_blank\" rel=\"noreferrer noopener\">la FILE<\/a>, F\u00e9d\u00e9ration des Initiatives Locales pour l&rsquo;Enfance, qui montre une importante expertise-terrain.<\/p>\n\n\n\n<figure class=\"wp-block-image size-large is-resized\"><img loading=\"lazy\" decoding=\"async\" width=\"683\" height=\"1024\" src=\"https:\/\/lesourire.be\/wp-content\/uploads\/2026\/02\/IMG_8040-683x1024.jpeg\" alt=\"\" class=\"wp-image-35\" style=\"width:289px;height:auto\" srcset=\"https:\/\/lesourire.be\/wp-content\/uploads\/2026\/02\/IMG_8040-683x1024.jpeg 683w, https:\/\/lesourire.be\/wp-content\/uploads\/2026\/02\/IMG_8040-200x300.jpeg 200w, https:\/\/lesourire.be\/wp-content\/uploads\/2026\/02\/IMG_8040-768x1152.jpeg 768w, https:\/\/lesourire.be\/wp-content\/uploads\/2026\/02\/IMG_8040.jpeg 800w\" sizes=\"auto, (max-width: 683px) 100vw, 683px\" \/><\/figure>\n","protected":false},"excerpt":{"rendered":"<p>N&rsquo;h\u00e9sitez pas, en tant que jeunes parents, \u00e0 consulter le site de l&rsquo;ONE qui regorge d&rsquo;informations utiles ainsi que My.ONE qui permet aux parents et futurs parents de trouver pr\u00e8s de chez eux des activit\u00e9s d\u00e9di\u00e9es \u00e0 l&rsquo;enfant et \u00e0 la parentalit\u00e9. Vous trouverez \u00e9galement de nombreux articles et informations sur les sites de YAPAKA et de la Ligue des Familles. Le Sourire est membre de la COSEGE, coordination des Services d&rsquo;Accueillants d&rsquo;Enfants qui repr\u00e9sente les SAE de la F\u00e9d\u00e9ration Wallonie-Bruxelles et<span class=\"more-link theme-more-link\"><a href=\"https:\/\/lesourire.be\/index.php\/liens-utiles\/\">En savoir plus<\/a><\/span><\/p>\n","protected":false},"author":1,"featured_media":0,"parent":0,"menu_order":0,"comment_status":"closed","ping_status":"closed","template":"","meta":{"footnotes":""},"class_list":["entry","author-adminsitesourire","post-298","page","type-page","status-publish"],"yoast_head":"<!-- This site is optimized with the Yoast SEO plugin v27.1.1 - https:\/\/yoast.com\/product\/yoast-seo-wordpress\/ -->\n<title>Liens utiles - LE SOURIRE<\/title>\n<meta name=\"robots\" content=\"index, follow, max-snippet:-1, max-image-preview:large, max-video-preview:-1\" \/>\n<link rel=\"canonical\" href=\"https:\/\/lesourire.be\/index.php\/liens-utiles\/\" \/>\n<meta property=\"og:locale\" content=\"fr_FR\" \/>\n<meta property=\"og:type\" content=\"article\" \/>\n<meta property=\"og:title\" content=\"Liens utiles - LE SOURIRE\" \/>\n<meta property=\"og:description\" content=\"N&rsquo;h\u00e9sitez pas, en tant que jeunes parents, \u00e0 consulter le site de l&rsquo;ONE qui regorge d&rsquo;informations utiles ainsi que My.ONE qui permet aux parents et futurs parents de trouver pr\u00e8s de chez eux des activit\u00e9s d\u00e9di\u00e9es \u00e0 l&rsquo;enfant et \u00e0 la parentalit\u00e9. Vous trouverez \u00e9galement de nombreux articles et informations sur les sites de YAPAKA et de la Ligue des Familles. Le Sourire est membre de la COSEGE, coordination des Services d&rsquo;Accueillants d&rsquo;Enfants qui repr\u00e9sente les SAE de la F\u00e9d\u00e9ration Wallonie-Bruxelles etEn savoir plus\" \/>\n<meta property=\"og:url\" content=\"https:\/\/lesourire.be\/index.php\/liens-utiles\/\" \/>\n<meta property=\"og:site_name\" content=\"LE SOURIRE\" \/>\n<meta property=\"article:modified_time\" content=\"2026-02-25T21:45:48+00:00\" \/>\n<meta property=\"og:image\" content=\"https:\/\/lesourire.be\/wp-content\/uploads\/2026\/02\/IMG_8040.jpeg\" \/>\n\t<meta property=\"og:image:width\" content=\"800\" \/>\n\t<meta property=\"og:image:height\" content=\"1200\" \/>\n\t<meta property=\"og:image:type\" content=\"image\/jpeg\" \/>\n<meta name=\"twitter:card\" content=\"summary_large_image\" \/>\n<meta name=\"twitter:label1\" content=\"Dur\u00e9e de lecture estim\u00e9e\" \/>\n\t<meta name=\"twitter:data1\" content=\"1 minute\" \/>\n<script type=\"application\/ld+json\" class=\"yoast-schema-graph\">{\"@context\":\"https:\/\/schema.org\",\"@graph\":[{\"@type\":\"WebPage\",\"@id\":\"https:\/\/lesourire.be\/index.php\/liens-utiles\/\",\"url\":\"https:\/\/lesourire.be\/index.php\/liens-utiles\/\",\"name\":\"Liens utiles - LE SOURIRE\",\"isPartOf\":{\"@id\":\"https:\/\/lesourire.be\/#website\"},\"primaryImageOfPage\":{\"@id\":\"https:\/\/lesourire.be\/index.php\/liens-utiles\/#primaryimage\"},\"image\":{\"@id\":\"https:\/\/lesourire.be\/index.php\/liens-utiles\/#primaryimage\"},\"thumbnailUrl\":\"https:\/\/lesourire.be\/wp-content\/uploads\/2026\/02\/IMG_8040-683x1024.jpeg\",\"datePublished\":\"2026-02-16T14:04:12+00:00\",\"dateModified\":\"2026-02-25T21:45:48+00:00\",\"breadcrumb\":{\"@id\":\"https:\/\/lesourire.be\/index.php\/liens-utiles\/#breadcrumb\"},\"inLanguage\":\"fr-FR\",\"potentialAction\":[{\"@type\":\"ReadAction\",\"target\":[\"https:\/\/lesourire.be\/index.php\/liens-utiles\/\"]}]},{\"@type\":\"ImageObject\",\"inLanguage\":\"fr-FR\",\"@id\":\"https:\/\/lesourire.be\/index.php\/liens-utiles\/#primaryimage\",\"url\":\"https:\/\/lesourire.be\/wp-content\/uploads\/2026\/02\/IMG_8040.jpeg\",\"contentUrl\":\"https:\/\/lesourire.be\/wp-content\/uploads\/2026\/02\/IMG_8040.jpeg\",\"width\":800,\"height\":1200},{\"@type\":\"BreadcrumbList\",\"@id\":\"https:\/\/lesourire.be\/index.php\/liens-utiles\/#breadcrumb\",\"itemListElement\":[{\"@type\":\"ListItem\",\"position\":1,\"name\":\"Accueil\",\"item\":\"https:\/\/lesourire.be\/\"},{\"@type\":\"ListItem\",\"position\":2,\"name\":\"Liens utiles\"}]},{\"@type\":\"WebSite\",\"@id\":\"https:\/\/lesourire.be\/#website\",\"url\":\"https:\/\/lesourire.be\/\",\"name\":\"LE SOURIRE\",\"description\":\"Service d&#039;Accueillants d&#039;Enfants\",\"publisher\":{\"@id\":\"https:\/\/lesourire.be\/#organization\"},\"potentialAction\":[{\"@type\":\"SearchAction\",\"target\":{\"@type\":\"EntryPoint\",\"urlTemplate\":\"https:\/\/lesourire.be\/?s={search_term_string}\"},\"query-input\":{\"@type\":\"PropertyValueSpecification\",\"valueRequired\":true,\"valueName\":\"search_term_string\"}}],\"inLanguage\":\"fr-FR\"},{\"@type\":\"Organization\",\"@id\":\"https:\/\/lesourire.be\/#organization\",\"name\":\"LE SOURIRE\",\"url\":\"https:\/\/lesourire.be\/\",\"logo\":{\"@type\":\"ImageObject\",\"inLanguage\":\"fr-FR\",\"@id\":\"https:\/\/lesourire.be\/#\/schema\/logo\/image\/\",\"url\":\"https:\/\/lesourire.be\/wp-content\/uploads\/2026\/02\/LOGO-Sourire-1-e1770043020484.png\",\"contentUrl\":\"https:\/\/lesourire.be\/wp-content\/uploads\/2026\/02\/LOGO-Sourire-1-e1770043020484.png\",\"width\":459,\"height\":291,\"caption\":\"LE SOURIRE\"},\"image\":{\"@id\":\"https:\/\/lesourire.be\/#\/schema\/logo\/image\/\"}}]}<\/script>\n<!-- \/ Yoast SEO plugin. -->","yoast_head_json":{"title":"Liens utiles - LE SOURIRE","robots":{"index":"index","follow":"follow","max-snippet":"max-snippet:-1","max-image-preview":"max-image-preview:large","max-video-preview":"max-video-preview:-1"},"canonical":"https:\/\/lesourire.be\/index.php\/liens-utiles\/","og_locale":"fr_FR","og_type":"article","og_title":"Liens utiles - LE SOURIRE","og_description":"N&rsquo;h\u00e9sitez pas, en tant que jeunes parents, \u00e0 consulter le site de l&rsquo;ONE qui regorge d&rsquo;informations utiles ainsi que My.ONE qui permet aux parents et futurs parents de trouver pr\u00e8s de chez eux des activit\u00e9s d\u00e9di\u00e9es \u00e0 l&rsquo;enfant et \u00e0 la parentalit\u00e9. Vous trouverez \u00e9galement de nombreux articles et informations sur les sites de YAPAKA et de la Ligue des Familles. Le Sourire est membre de la COSEGE, coordination des Services d&rsquo;Accueillants d&rsquo;Enfants qui repr\u00e9sente les SAE de la F\u00e9d\u00e9ration Wallonie-Bruxelles etEn savoir plus","og_url":"https:\/\/lesourire.be\/index.php\/liens-utiles\/","og_site_name":"LE SOURIRE","article_modified_time":"2026-02-25T21:45:48+00:00","og_image":[{"width":800,"height":1200,"url":"https:\/\/lesourire.be\/wp-content\/uploads\/2026\/02\/IMG_8040.jpeg","type":"image\/jpeg"}],"twitter_card":"summary_large_image","twitter_misc":{"Dur\u00e9e de lecture estim\u00e9e":"1 minute"},"schema":{"@context":"https:\/\/schema.org","@graph":[{"@type":"WebPage","@id":"https:\/\/lesourire.be\/index.php\/liens-utiles\/","url":"https:\/\/lesourire.be\/index.php\/liens-utiles\/","name":"Liens utiles - LE SOURIRE","isPartOf":{"@id":"https:\/\/lesourire.be\/#website"},"primaryImageOfPage":{"@id":"https:\/\/lesourire.be\/index.php\/liens-utiles\/#primaryimage"},"image":{"@id":"https:\/\/lesourire.be\/index.php\/liens-utiles\/#primaryimage"},"thumbnailUrl":"https:\/\/lesourire.be\/wp-content\/uploads\/2026\/02\/IMG_8040-683x1024.jpeg","datePublished":"2026-02-16T14:04:12+00:00","dateModified":"2026-02-25T21:45:48+00:00","breadcrumb":{"@id":"https:\/\/lesourire.be\/index.php\/liens-utiles\/#breadcrumb"},"inLanguage":"fr-FR","potentialAction":[{"@type":"ReadAction","target":["https:\/\/lesourire.be\/index.php\/liens-utiles\/"]}]},{"@type":"ImageObject","inLanguage":"fr-FR","@id":"https:\/\/lesourire.be\/index.php\/liens-utiles\/#primaryimage","url":"https:\/\/lesourire.be\/wp-content\/uploads\/2026\/02\/IMG_8040.jpeg","contentUrl":"https:\/\/lesourire.be\/wp-content\/uploads\/2026\/02\/IMG_8040.jpeg","width":800,"height":1200},{"@type":"BreadcrumbList","@id":"https:\/\/lesourire.be\/index.php\/liens-utiles\/#breadcrumb","itemListElement":[{"@type":"ListItem","position":1,"name":"Accueil","item":"https:\/\/lesourire.be\/"},{"@type":"ListItem","position":2,"name":"Liens utiles"}]},{"@type":"WebSite","@id":"https:\/\/lesourire.be\/#website","url":"https:\/\/lesourire.be\/","name":"LE SOURIRE","description":"Service d&#039;Accueillants d&#039;Enfants","publisher":{"@id":"https:\/\/lesourire.be\/#organization"},"potentialAction":[{"@type":"SearchAction","target":{"@type":"EntryPoint","urlTemplate":"https:\/\/lesourire.be\/?s={search_term_string}"},"query-input":{"@type":"PropertyValueSpecification","valueRequired":true,"valueName":"search_term_string"}}],"inLanguage":"fr-FR"},{"@type":"Organization","@id":"https:\/\/lesourire.be\/#organization","name":"LE SOURIRE","url":"https:\/\/lesourire.be\/","logo":{"@type":"ImageObject","inLanguage":"fr-FR","@id":"https:\/\/lesourire.be\/#\/schema\/logo\/image\/","url":"https:\/\/lesourire.be\/wp-content\/uploads\/2026\/02\/LOGO-Sourire-1-e1770043020484.png","contentUrl":"https:\/\/lesourire.be\/wp-content\/uploads\/2026\/02\/LOGO-Sourire-1-e1770043020484.png","width":459,"height":291,"caption":"LE SOURIRE"},"image":{"@id":"https:\/\/lesourire.be\/#\/schema\/logo\/image\/"}}]}},"_links":{"self":[{"href":"https:\/\/lesourire.be\/index.php\/wp-json\/wp\/v2\/pages\/298","targetHints":{"allow":["GET"]}}],"collection":[{"href":"https:\/\/lesourire.be\/index.php\/wp-json\/wp\/v2\/pages"}],"about":[{"href":"https:\/\/lesourire.be\/index.php\/wp-json\/wp\/v2\/types\/page"}],"author":[{"embeddable":true,"href":"https:\/\/lesourire.be\/index.php\/wp-json\/wp\/v2\/users\/1"}],"replies":[{"embeddable":true,"href":"https:\/\/lesourire.be\/index.php\/wp-json\/wp\/v2\/comments?post=298"}],"version-history":[{"count":15,"href":"https:\/\/lesourire.be\/index.php\/wp-json\/wp\/v2\/pages\/298\/revisions"}],"predecessor-version":[{"id":470,"href":"https:\/\/lesourire.be\/index.php\/wp-json\/wp\/v2\/pages\/298\/revisions\/470"}],"wp:attachment":[{"href":"https:\/\/lesourire.be\/index.php\/wp-json\/wp\/v2\/media?parent=298"}],"curies":[{"name":"wp","href":"https:\/\/api.w.org\/{rel}","templated":true}]}}