{"id":93,"date":"2026-02-04T16:58:28","date_gmt":"2026-02-04T15:58:28","guid":{"rendered":"http:\/\/wp.lesourire.be\/?page_id=93"},"modified":"2026-02-26T10:45:30","modified_gmt":"2026-02-26T09:45:30","slug":"accueillantes","status":"publish","type":"page","link":"https:\/\/lesourire.be\/index.php\/accueillantes\/","title":{"rendered":"Accueillant(e)s"},"content":{"rendered":"\n<p>Notre Service compte actuellement une centaine d&rsquo;accueillant(e)s en activit\u00e9.<\/p>\n\n\n\n<p>Ils\/elles accueillent vos enfants \u00e0 raison de 10h par jour, 4 ou 5 jours par semaine en fonction du temps de travail de chacun(e). Ils\/elles ne sont pas autoris\u00e9(e)s \u00e0 accueillir plus de 5 enfants simultan\u00e9ment, ce qui garantit une qualit\u00e9 de suivi et de soin.<\/p>\n\n\n\n<figure class=\"wp-block-image size-large is-resized\"><img loading=\"lazy\" decoding=\"async\" width=\"683\" height=\"1024\" src=\"https:\/\/lesourire.be\/wp-content\/uploads\/2026\/02\/IMG_8037-683x1024.jpeg\" alt=\"\" class=\"wp-image-39\" style=\"width:320px;height:auto\" srcset=\"https:\/\/lesourire.be\/wp-content\/uploads\/2026\/02\/IMG_8037-683x1024.jpeg 683w, https:\/\/lesourire.be\/wp-content\/uploads\/2026\/02\/IMG_8037-200x300.jpeg 200w, https:\/\/lesourire.be\/wp-content\/uploads\/2026\/02\/IMG_8037-768x1152.jpeg 768w, https:\/\/lesourire.be\/wp-content\/uploads\/2026\/02\/IMG_8037-1024x1536.jpeg 1024w, https:\/\/lesourire.be\/wp-content\/uploads\/2026\/02\/IMG_8037.jpeg 1168w\" sizes=\"auto, (max-width: 683px) 100vw, 683px\" \/><\/figure>\n","protected":false},"excerpt":{"rendered":"<p>Notre Service compte actuellement une centaine d&rsquo;accueillant(e)s en activit\u00e9. Ils\/elles accueillent vos enfants \u00e0 raison de 10h par jour, 4 ou 5 jours par semaine en fonction du temps de travail de chacun(e). Ils\/elles ne sont pas autoris\u00e9(e)s \u00e0 accueillir plus de 5 enfants simultan\u00e9ment, ce qui garantit une qualit\u00e9 de suivi et de soin.<span class=\"more-link theme-more-link\"><a href=\"https:\/\/lesourire.be\/index.php\/accueillantes\/\">En savoir plus<\/a><\/span><\/p>\n","protected":false},"author":1,"featured_media":0,"parent":0,"menu_order":0,"comment_status":"closed","ping_status":"closed","template":"","meta":{"footnotes":""},"class_list":["entry","author-adminsitesourire","post-93","page","type-page","status-publish"],"yoast_head":"<!-- This site is optimized with the Yoast SEO plugin v27.1.1 - https:\/\/yoast.com\/product\/yoast-seo-wordpress\/ -->\n<title>Accueillant(e)s - LE SOURIRE<\/title>\n<meta name=\"robots\" content=\"index, follow, max-snippet:-1, max-image-preview:large, max-video-preview:-1\" \/>\n<link rel=\"canonical\" href=\"https:\/\/lesourire.be\/index.php\/accueillantes\/\" \/>\n<meta property=\"og:locale\" content=\"fr_FR\" \/>\n<meta property=\"og:type\" content=\"article\" \/>\n<meta property=\"og:title\" content=\"Accueillant(e)s - LE SOURIRE\" \/>\n<meta property=\"og:description\" content=\"Notre Service compte actuellement une centaine d&rsquo;accueillant(e)s en activit\u00e9. Ils\/elles accueillent vos enfants \u00e0 raison de 10h par jour, 4 ou 5 jours par semaine en fonction du temps de travail de chacun(e). Ils\/elles ne sont pas autoris\u00e9(e)s \u00e0 accueillir plus de 5 enfants simultan\u00e9ment, ce qui garantit une qualit\u00e9 de suivi et de soin.En savoir plus\" \/>\n<meta property=\"og:url\" content=\"https:\/\/lesourire.be\/index.php\/accueillantes\/\" \/>\n<meta property=\"og:site_name\" content=\"LE SOURIRE\" \/>\n<meta property=\"article:modified_time\" content=\"2026-02-26T09:45:30+00:00\" \/>\n<meta property=\"og:image\" content=\"https:\/\/lesourire.be\/wp-content\/uploads\/2026\/02\/IMG_8037.jpeg\" \/>\n\t<meta property=\"og:image:width\" content=\"1168\" \/>\n\t<meta property=\"og:image:height\" content=\"1752\" \/>\n\t<meta property=\"og:image:type\" content=\"image\/jpeg\" \/>\n<meta name=\"twitter:card\" content=\"summary_large_image\" \/>\n<script type=\"application\/ld+json\" class=\"yoast-schema-graph\">{\"@context\":\"https:\/\/schema.org\",\"@graph\":[{\"@type\":\"WebPage\",\"@id\":\"https:\/\/lesourire.be\/index.php\/accueillantes\/\",\"url\":\"https:\/\/lesourire.be\/index.php\/accueillantes\/\",\"name\":\"Accueillant(e)s - LE SOURIRE\",\"isPartOf\":{\"@id\":\"https:\/\/lesourire.be\/#website\"},\"primaryImageOfPage\":{\"@id\":\"https:\/\/lesourire.be\/index.php\/accueillantes\/#primaryimage\"},\"image\":{\"@id\":\"https:\/\/lesourire.be\/index.php\/accueillantes\/#primaryimage\"},\"thumbnailUrl\":\"https:\/\/lesourire.be\/wp-content\/uploads\/2026\/02\/IMG_8037-683x1024.jpeg\",\"datePublished\":\"2026-02-04T15:58:28+00:00\",\"dateModified\":\"2026-02-26T09:45:30+00:00\",\"breadcrumb\":{\"@id\":\"https:\/\/lesourire.be\/index.php\/accueillantes\/#breadcrumb\"},\"inLanguage\":\"fr-FR\",\"potentialAction\":[{\"@type\":\"ReadAction\",\"target\":[\"https:\/\/lesourire.be\/index.php\/accueillantes\/\"]}]},{\"@type\":\"ImageObject\",\"inLanguage\":\"fr-FR\",\"@id\":\"https:\/\/lesourire.be\/index.php\/accueillantes\/#primaryimage\",\"url\":\"https:\/\/lesourire.be\/wp-content\/uploads\/2026\/02\/IMG_8037.jpeg\",\"contentUrl\":\"https:\/\/lesourire.be\/wp-content\/uploads\/2026\/02\/IMG_8037.jpeg\",\"width\":1168,\"height\":1752},{\"@type\":\"BreadcrumbList\",\"@id\":\"https:\/\/lesourire.be\/index.php\/accueillantes\/#breadcrumb\",\"itemListElement\":[{\"@type\":\"ListItem\",\"position\":1,\"name\":\"Accueil\",\"item\":\"https:\/\/lesourire.be\/\"},{\"@type\":\"ListItem\",\"position\":2,\"name\":\"Accueillant(e)s\"}]},{\"@type\":\"WebSite\",\"@id\":\"https:\/\/lesourire.be\/#website\",\"url\":\"https:\/\/lesourire.be\/\",\"name\":\"LE SOURIRE\",\"description\":\"Service d&#039;Accueillants d&#039;Enfants\",\"publisher\":{\"@id\":\"https:\/\/lesourire.be\/#organization\"},\"potentialAction\":[{\"@type\":\"SearchAction\",\"target\":{\"@type\":\"EntryPoint\",\"urlTemplate\":\"https:\/\/lesourire.be\/?s={search_term_string}\"},\"query-input\":{\"@type\":\"PropertyValueSpecification\",\"valueRequired\":true,\"valueName\":\"search_term_string\"}}],\"inLanguage\":\"fr-FR\"},{\"@type\":\"Organization\",\"@id\":\"https:\/\/lesourire.be\/#organization\",\"name\":\"LE SOURIRE\",\"url\":\"https:\/\/lesourire.be\/\",\"logo\":{\"@type\":\"ImageObject\",\"inLanguage\":\"fr-FR\",\"@id\":\"https:\/\/lesourire.be\/#\/schema\/logo\/image\/\",\"url\":\"https:\/\/lesourire.be\/wp-content\/uploads\/2026\/02\/LOGO-Sourire-1-e1770043020484.png\",\"contentUrl\":\"https:\/\/lesourire.be\/wp-content\/uploads\/2026\/02\/LOGO-Sourire-1-e1770043020484.png\",\"width\":459,\"height\":291,\"caption\":\"LE SOURIRE\"},\"image\":{\"@id\":\"https:\/\/lesourire.be\/#\/schema\/logo\/image\/\"}}]}<\/script>\n<!-- \/ Yoast SEO plugin. -->","yoast_head_json":{"title":"Accueillant(e)s - LE SOURIRE","robots":{"index":"index","follow":"follow","max-snippet":"max-snippet:-1","max-image-preview":"max-image-preview:large","max-video-preview":"max-video-preview:-1"},"canonical":"https:\/\/lesourire.be\/index.php\/accueillantes\/","og_locale":"fr_FR","og_type":"article","og_title":"Accueillant(e)s - LE SOURIRE","og_description":"Notre Service compte actuellement une centaine d&rsquo;accueillant(e)s en activit\u00e9. Ils\/elles accueillent vos enfants \u00e0 raison de 10h par jour, 4 ou 5 jours par semaine en fonction du temps de travail de chacun(e). Ils\/elles ne sont pas autoris\u00e9(e)s \u00e0 accueillir plus de 5 enfants simultan\u00e9ment, ce qui garantit une qualit\u00e9 de suivi et de soin.En savoir plus","og_url":"https:\/\/lesourire.be\/index.php\/accueillantes\/","og_site_name":"LE SOURIRE","article_modified_time":"2026-02-26T09:45:30+00:00","og_image":[{"width":1168,"height":1752,"url":"https:\/\/lesourire.be\/wp-content\/uploads\/2026\/02\/IMG_8037.jpeg","type":"image\/jpeg"}],"twitter_card":"summary_large_image","schema":{"@context":"https:\/\/schema.org","@graph":[{"@type":"WebPage","@id":"https:\/\/lesourire.be\/index.php\/accueillantes\/","url":"https:\/\/lesourire.be\/index.php\/accueillantes\/","name":"Accueillant(e)s - LE SOURIRE","isPartOf":{"@id":"https:\/\/lesourire.be\/#website"},"primaryImageOfPage":{"@id":"https:\/\/lesourire.be\/index.php\/accueillantes\/#primaryimage"},"image":{"@id":"https:\/\/lesourire.be\/index.php\/accueillantes\/#primaryimage"},"thumbnailUrl":"https:\/\/lesourire.be\/wp-content\/uploads\/2026\/02\/IMG_8037-683x1024.jpeg","datePublished":"2026-02-04T15:58:28+00:00","dateModified":"2026-02-26T09:45:30+00:00","breadcrumb":{"@id":"https:\/\/lesourire.be\/index.php\/accueillantes\/#breadcrumb"},"inLanguage":"fr-FR","potentialAction":[{"@type":"ReadAction","target":["https:\/\/lesourire.be\/index.php\/accueillantes\/"]}]},{"@type":"ImageObject","inLanguage":"fr-FR","@id":"https:\/\/lesourire.be\/index.php\/accueillantes\/#primaryimage","url":"https:\/\/lesourire.be\/wp-content\/uploads\/2026\/02\/IMG_8037.jpeg","contentUrl":"https:\/\/lesourire.be\/wp-content\/uploads\/2026\/02\/IMG_8037.jpeg","width":1168,"height":1752},{"@type":"BreadcrumbList","@id":"https:\/\/lesourire.be\/index.php\/accueillantes\/#breadcrumb","itemListElement":[{"@type":"ListItem","position":1,"name":"Accueil","item":"https:\/\/lesourire.be\/"},{"@type":"ListItem","position":2,"name":"Accueillant(e)s"}]},{"@type":"WebSite","@id":"https:\/\/lesourire.be\/#website","url":"https:\/\/lesourire.be\/","name":"LE SOURIRE","description":"Service d&#039;Accueillants d&#039;Enfants","publisher":{"@id":"https:\/\/lesourire.be\/#organization"},"potentialAction":[{"@type":"SearchAction","target":{"@type":"EntryPoint","urlTemplate":"https:\/\/lesourire.be\/?s={search_term_string}"},"query-input":{"@type":"PropertyValueSpecification","valueRequired":true,"valueName":"search_term_string"}}],"inLanguage":"fr-FR"},{"@type":"Organization","@id":"https:\/\/lesourire.be\/#organization","name":"LE SOURIRE","url":"https:\/\/lesourire.be\/","logo":{"@type":"ImageObject","inLanguage":"fr-FR","@id":"https:\/\/lesourire.be\/#\/schema\/logo\/image\/","url":"https:\/\/lesourire.be\/wp-content\/uploads\/2026\/02\/LOGO-Sourire-1-e1770043020484.png","contentUrl":"https:\/\/lesourire.be\/wp-content\/uploads\/2026\/02\/LOGO-Sourire-1-e1770043020484.png","width":459,"height":291,"caption":"LE SOURIRE"},"image":{"@id":"https:\/\/lesourire.be\/#\/schema\/logo\/image\/"}}]}},"_links":{"self":[{"href":"https:\/\/lesourire.be\/index.php\/wp-json\/wp\/v2\/pages\/93","targetHints":{"allow":["GET"]}}],"collection":[{"href":"https:\/\/lesourire.be\/index.php\/wp-json\/wp\/v2\/pages"}],"about":[{"href":"https:\/\/lesourire.be\/index.php\/wp-json\/wp\/v2\/types\/page"}],"author":[{"embeddable":true,"href":"https:\/\/lesourire.be\/index.php\/wp-json\/wp\/v2\/users\/1"}],"replies":[{"embeddable":true,"href":"https:\/\/lesourire.be\/index.php\/wp-json\/wp\/v2\/comments?post=93"}],"version-history":[{"count":9,"href":"https:\/\/lesourire.be\/index.php\/wp-json\/wp\/v2\/pages\/93\/revisions"}],"predecessor-version":[{"id":475,"href":"https:\/\/lesourire.be\/index.php\/wp-json\/wp\/v2\/pages\/93\/revisions\/475"}],"wp:attachment":[{"href":"https:\/\/lesourire.be\/index.php\/wp-json\/wp\/v2\/media?parent=93"}],"curies":[{"name":"wp","href":"https:\/\/api.w.org\/{rel}","templated":true}]}}